{"id":9326,"date":"2023-06-23T13:48:47","date_gmt":"2023-06-23T11:48:47","guid":{"rendered":"https:\/\/www.threesefficiency.com\/?page_id=9326"},"modified":"2024-04-29T15:23:47","modified_gmt":"2024-04-29T13:23:47","slug":"hospital","status":"publish","type":"page","link":"https:\/\/www.threesefficiency.com\/es\/hospital\/","title":{"rendered":"Hospital"},"content":{"rendered":"[vc_row type=\u00bbin_container\u00bb full_screen_row_position=\u00bbmiddle\u00bb column_margin=\u00bbdefault\u00bb scene_position=\u00bbcenter\u00bb text_color=\u00bbdark\u00bb text_align=\u00bbleft\u00bb overlay_strength=\u00bb0.3&#8243; shape_divider_position=\u00bbbottom\u00bb bg_image_animation=\u00bbnone\u00bb][vc_column column_padding=\u00bbno-extra-padding\u00bb column_padding_position=\u00bball\u00bb background_color_opacity=\u00bb1&#8243; background_hover_color_opacity=\u00bb1&#8243; column_link_target=\u00bb_self\u00bb column_shadow=\u00bbnone\u00bb column_border_radius=\u00bbnone\u00bb width=\u00bb1\/1&#8243; tablet_width_inherit=\u00bbdefault\u00bb tablet_text_alignment=\u00bbdefault\u00bb phone_text_alignment=\u00bbdefault\u00bb overlay_strength=\u00bb0.3&#8243; column_border_width=\u00bbnone\u00bb column_border_style=\u00bbsolid\u00bb bg_image_animation=\u00bbnone\u00bb]<style type=\"text\/css\">@media only screen and (min-width: 1300px) { #nectar-slider-instance-1, #nectar-slider-instance-1 .swiper-container { height: 900px; }  } @media only screen and (max-width: 1299px) { #nectar-slider-instance-1, #nectar-slider-instance-1 .swiper-container { height: 750px; }  } @media only screen and (max-width: 1000px) { #nectar-slider-instance-1, #nectar-slider-instance-1 .swiper-container { height: 642.85714285714px; }  } @media only screen and (max-width: 690px) { #nectar-slider-instance-1, #nectar-slider-instance-1 .swiper-container { height: 333.33333333333px; }  } <\/style><div data-midnight=\"nectar-slider\" class=\"parallax_slider_outer \"><div  data-transition=\"slide\" data-overall_style=\"classic\" data-flexible-height=\"\" data-animate-in-effect=\"none\" data-fullscreen=\"false\" data-button-sizing=\"regular\" data-button-styling=\"btn_with_count\" data-autorotate=\"\" data-parallax=\"true\" data-parallax-disable-mobile=\"\" data-caption-trans=\"fade_in_from_bottom\" data-parallax-style=\"bg_only\" data-bg-animation=\"none\" data-full-width=\"true\" class=\"nectar-slider-wrap \" id=\"nectar-slider-instance-1\"><div class=\"swiper-container\"  data-tho=\"auto\" data-tco=\"auto\" data-pho=\"auto\" data-pco=\"auto\" data-loop=\"false\" data-height=\"900\" data-min-height=\"\" data-arrows=\"false\" data-bullets=\"false\" data-bullet_style=\"see_through\" data-bullet_position=\"bottom\" data-desktop-swipe=\"false\" data-settings=\"\"> <div class=\"swiper-wrapper\"><div class=\"swiper-slide\" data-desktop-content-width=\"auto\" data-tablet-content-width=\"auto\" data-bg-alignment=\"center\" data-color-scheme=\"light\" data-x-pos=\"left\" data-y-pos=\"middle\" ><div class=\"slide-bg-wrap\"><div class=\"image-bg\" style=\"background-image: url(https:\/\/www.threesefficiency.com\/wp-content\/uploads\/2023\/06\/Slide_Hospital-scaled.jpg);\"> &nbsp; <\/div><\/div><div class=\"container\">\r\n\t\t\t\t\t\t<div class=\"content\"><h2>Hospital <br> Caso de Estudio<\/h2><p  ><span>El sector de la salud hospitalaria es un consumidor de energ\u00eda significativo, contribuyendo a las emisiones de carbono. Las proyecciones muestran un aumento constante en la demanda de energ\u00eda, lo que podr\u00eda aumentar las emisiones sin intervenci\u00f3n, planteando desaf\u00edos de sostenibilidad. Numerosas naciones ya han hecho compromisos para lograr un sector de la salud con emisiones netas cero para el a\u00f1o 2050.<\/span><\/p><\/div>\r\n\t\t\t\t\t\t\t\t<\/div><!--\/container--><a href=\"#\" class=\"slider-down-arrow\"><i class=\"icon-salient-down-arrow icon-default-style\"> <span class=\"ie-fix\"><\/span> <\/i><\/a><div class=\"video-texture active_texture\"> <span class=\"ie-fix\"><\/span> <\/div><\/div> <!--\/swiper-slide--><\/div><div class=\"nectar-slider-loading \"> <span class=\"loading-icon none\">   <\/span> <\/div> <\/div> \r\n\t\t\t\t\t\r\n\t\t\t\t\t<\/div><\/div>[\/vc_column][\/vc_row][full_width_section type=\u00bbfull_width_content\u00bb vertically_center_columns=\u00bbtrue\u00bb background_color=\u00bb#fbfbfb\u00bb text_color=\u00bblight\u00bb top_padding=\u00bb0&#8243; bottom_padding=\u00bb0&#8243;][vc_column column_padding=\u00bbpadding-8-percent\u00bb column_padding_position=\u00bbbottom-left\u00bb background_color_opacity=\u00bb1&#8243; background_hover_color_opacity=\u00bb1&#8243; column_link_target=\u00bb_self\u00bb column_shadow=\u00bbnone\u00bb column_border_radius=\u00bbnone\u00bb width=\u00bb1\/2&#8243; tablet_width_inherit=\u00bbdefault\u00bb tablet_text_alignment=\u00bbdefault\u00bb phone_text_alignment=\u00bbdefault\u00bb overlay_strength=\u00bb0.3&#8243; column_border_width=\u00bbnone\u00bb column_border_style=\u00bbsolid\u00bb bg_image_animation=\u00bbnone\u00bb]<noscript class=\"ninja-forms-noscript-message\">\n\tAviso: Se requiere JavaScript para este contenido.<\/noscript>\n<div id=\"nf-form-8-cont\" class=\"nf-form-cont\" aria-live=\"polite\" aria-labelledby=\"nf-form-title-8\" aria-describedby=\"nf-form-errors-8\" role=\"form\">\n\n    <div class=\"nf-loading-spinner\"><\/div>\n\n<\/div>\n        <!-- That data is being printed as a workaround to page builders reordering the order of the scripts loaded-->\n        <script>var formDisplay=1;var nfForms=nfForms||[];var form=[];form.id='8';form.settings={\"objectType\":\"Form Setting\",\"editActive\":true,\"title\":\"Descarga Hospital\",\"created_at\":\"2023-06-26 10:20:12\",\"default_label_pos\":\"right\",\"show_title\":\"0\",\"clear_complete\":\"1\",\"hide_complete\":\"1\",\"logged_in\":\"\",\"wrapper_class\":\"\",\"element_class\":\"\",\"key\":\"\",\"add_submit\":\"0\",\"currency\":\"\",\"repeatable_fieldsets\":\"\",\"unique_field_error\":\"A form with this value has already been submitted.\",\"not_logged_in_msg\":\"\",\"sub_limit_msg\":\"The form has reached its submission limit.\",\"calculations\":[],\"formContentData\":[\"firstname_1687165546085\",\"last_nam_1687166697534\",\"descarga_los_casos_de_estudio_1687165682897\",\"descargar_el_caso_de_estudio_1687767394853\"],\"changeEmailErrorMsg\":\"Introduce una direcci\\u00f3n de correo electr\\u00f3nico v\\u00e1lida.\",\"changeDateErrorMsg\":\"\\u00a1Introduce una fecha v\\u00e1lida!\",\"confirmFieldErrorMsg\":\"Estos campos deben coincidir.\",\"fieldNumberNumMinError\":\"Error de n\\u00famero m\\u00ednimo\",\"fieldNumberNumMaxError\":\"Error de n\\u00famero m\\u00e1ximo\",\"fieldNumberIncrementBy\":\"Increm\\u00e9ntalo por \",\"formErrorsCorrectErrors\":\"Corrige los errores antes de enviar este formulario.\",\"validateRequiredField\":\"Esto es un campo obligatorio.\",\"honeypotHoneypotError\":\"Error de Honeypot\",\"fieldsMarkedRequired\":\"Los campos marcados con <span class=\\\"ninja-forms-req-symbol\\\">*<\\\/span> son obligatorios\",\"drawerDisabled\":false,\"allow_public_link\":0,\"embed_form\":\"\",\"ninjaForms\":\"Ninja Forms\",\"fieldTextareaRTEInsertLink\":\"Insertar enlace\",\"fieldTextareaRTEInsertMedia\":\"Insertar medios\",\"fieldTextareaRTESelectAFile\":\"Seleccione un archivo\",\"formHoneypot\":\"Si eres un ser humano y est\\u00e1s viendo este campo, por favor d\\u00e9jalo vac\\u00edo.\",\"fileUploadOldCodeFileUploadInProgress\":\"Subida de archivo en curso.\",\"fileUploadOldCodeFileUpload\":\"SUBIDA DE ARCHIVO\",\"currencySymbol\":\"&#36;\",\"thousands_sep\":\".\",\"decimal_point\":\",\",\"siteLocale\":\"es_ES\",\"dateFormat\":\"m\\\/d\\\/Y\",\"startOfWeek\":\"1\",\"of\":\"de\",\"previousMonth\":\"Mes anterior\",\"nextMonth\":\"Pr\\u00f3ximo mes\",\"months\":[\"Enero\",\"Febrero\",\"Marzo\",\"Abril\",\"Mayo\",\"Junio\",\"Julio\",\"Agosto\",\"Septiembre\",\"Octubre\",\"Noviembre\",\"Diciembre\"],\"monthsShort\":[\"Ene\",\"Feb\",\"Mar\",\"Abr\",\"Mayo\",\"Jun\",\"Jul\",\"Ago\",\"Sep\",\"Oct\",\"Nov\",\"Dic\"],\"weekdays\":[\"Domingo\",\"Lunes\",\"Martes\",\"Mi\\u00e9rcoles\",\"Jueves\",\"Viernes\",\"S\\u00e1bado\"],\"weekdaysShort\":[\"Dom\",\"Lun\",\"Mar\",\"Mi\\u00e9\",\"Jue\",\"Vie\",\"S\\u00e1b\"],\"weekdaysMin\":[\"Do\",\"Lu\",\"Ma\",\"Mi\",\"Ju\",\"Vi\",\"S\\u00e1\"],\"recaptchaConsentMissing\":\"reCaptcha validation couldn&#039;t load.\",\"recaptchaMissingCookie\":\"reCaptcha v3 validation couldn&#039;t load the cookie needed to submit the form.\",\"recaptchaConsentEvent\":\"Accept reCaptcha cookies before sending the form.\",\"currency_symbol\":\"\",\"beforeForm\":\"\",\"beforeFields\":\"\",\"afterFields\":\"\",\"afterForm\":\"\"};form.fields=[{\"objectType\":\"Field\",\"objectDomain\":\"fields\",\"editActive\":false,\"order\":2,\"idAttribute\":\"id\",\"label\":\"\",\"type\":\"firstname\",\"key\":\"firstname_1687165546085\",\"label_pos\":\"right\",\"required\":1,\"default\":\"\",\"placeholder\":\"Nombre\",\"container_class\":\"\",\"element_class\":\"\",\"admin_label\":\"\",\"help_text\":\"\",\"custom_name_attribute\":\"fname\",\"personally_identifiable\":1,\"value\":\"\",\"drawerDisabled\":\"\",\"field_label\":\"\",\"field_key\":\"firstname_1687165546085\",\"id\":26,\"beforeField\":\"\",\"afterField\":\"\",\"parentType\":\"firstname\",\"element_templates\":[\"firstname\",\"input\"],\"old_classname\":\"\",\"wrap_template\":\"wrap\"},{\"objectType\":\"Field\",\"objectDomain\":\"fields\",\"editActive\":false,\"order\":3,\"idAttribute\":\"id\",\"label\":\"\",\"type\":\"lastname\",\"key\":\"last_nam_1687166697534\",\"label_pos\":\"right\",\"required\":1,\"default\":\"\",\"placeholder\":\"Apellido\",\"container_class\":\"\",\"element_class\":\"\",\"admin_label\":\"\",\"help_text\":\"\",\"custom_name_attribute\":\"lname\",\"personally_identifiable\":1,\"value\":\"\",\"drawerDisabled\":\"\",\"field_label\":\"\",\"field_key\":\"last_nam_1687166697534\",\"id\":27,\"beforeField\":\"\",\"afterField\":\"\",\"parentType\":\"lastname\",\"element_templates\":[\"lastname\",\"input\"],\"old_classname\":\"\",\"wrap_template\":\"wrap\"},{\"objectType\":\"Field\",\"objectDomain\":\"fields\",\"editActive\":false,\"order\":4,\"idAttribute\":\"id\",\"label\":\"\",\"type\":\"email\",\"key\":\"descarga_los_casos_de_estudio_1687165682897\",\"label_pos\":\"right\",\"required\":1,\"default\":\"\",\"placeholder\":\"Email\",\"container_class\":\"\",\"element_class\":\"\",\"admin_label\":\"\",\"help_text\":\"\",\"custom_name_attribute\":\"email\",\"personally_identifiable\":1,\"value\":\"\",\"drawerDisabled\":\"\",\"field_label\":\"\",\"field_key\":\"descarga_los_casos_de_estudio_1687165682897\",\"id\":24,\"beforeField\":\"\",\"afterField\":\"\",\"parentType\":\"email\",\"element_templates\":[\"email\",\"input\"],\"old_classname\":\"\",\"wrap_template\":\"wrap\"},{\"objectType\":\"Field\",\"objectDomain\":\"fields\",\"editActive\":false,\"order\":5,\"idAttribute\":\"id\",\"label\":\"Descargar el Caso de Estudio\",\"type\":\"submit\",\"processing_label\":\"Descargando...\",\"container_class\":\"\",\"element_class\":\"\",\"key\":\"descargar_el_caso_de_estudio_1687767394853\",\"drawerDisabled\":\"\",\"field_label\":\"Descargar el Caso de Estudio\",\"field_key\":\"descargar_el_caso_de_estudio_1687767394853\",\"id\":25,\"beforeField\":\"\",\"afterField\":\"\",\"value\":\"\",\"label_pos\":\"right\",\"parentType\":\"textbox\",\"element_templates\":[\"submit\",\"button\",\"input\"],\"old_classname\":\"\",\"wrap_template\":\"wrap-no-label\"}];nfForms.push(form);<\/script>\n        [\/vc_column][vc_column column_padding=\u00bbno-extra-padding\u00bb column_padding_position=\u00bball\u00bb background_color=\u00bb#1ec6e9&#8243; background_color_opacity=\u00bb1&#8243; background_hover_color_opacity=\u00bb1&#8243; column_link_target=\u00bb_self\u00bb column_shadow=\u00bbnone\u00bb column_border_radius=\u00bbnone\u00bb width=\u00bb1\/2&#8243; tablet_width_inherit=\u00bbdefault\u00bb tablet_text_alignment=\u00bbdefault\u00bb phone_text_alignment=\u00bbdefault\u00bb overlay_strength=\u00bb0.3&#8243; column_border_width=\u00bbnone\u00bb column_border_style=\u00bbsolid\u00bb bg_image_animation=\u00bbnone\u00bb][image_with_animation image_url=\u00bb10900&#8243; alignment=\u00bb\u00bb animation=\u00bbFade In\u00bb hover_animation=\u00bbzoom\u00bb border_radius=\u00bbnone\u00bb box_shadow=\u00bbnone\u00bb image_loading=\u00bbdefault\u00bb max_width=\u00bb100%\u00bb max_width_mobile=\u00bbdefault\u00bb][\/vc_column][\/full_width_section]\n","protected":false},"excerpt":{"rendered":"<p>[vc_row type=\u00bbin_container\u00bb full_screen_row_position=\u00bbmiddle\u00bb column_margin=\u00bbdefault\u00bb scene_position=\u00bbcenter\u00bb text_color=\u00bbdark\u00bb text_align=\u00bbleft\u00bb overlay_strength=\u00bb0.3&#8243; shape_divider_position=\u00bbbottom\u00bb bg_image_animation=\u00bbnone\u00bb][vc_column column_padding=\u00bbno-extra-padding\u00bb column_padding_position=\u00bball\u00bb background_color_opacity=\u00bb1&#8243; background_hover_color_opacity=\u00bb1&#8243; column_link_target=\u00bb_self\u00bb column_shadow=\u00bbnone\u00bb column_border_radius=\u00bbnone\u00bb width=\u00bb1\/1&#8243; tablet_width_inherit=\u00bbdefault\u00bb tablet_text_alignment=\u00bbdefault\u00bb phone_text_alignment=\u00bbdefault\u00bb overlay_strength=\u00bb0.3&#8243; column_border_width=\u00bbnone\u00bb column_border_style=\u00bbsolid\u00bb bg_image_animation=\u00bbnone\u00bb][\/vc_column][\/vc_row][full_width_section type=\u00bbfull_width_content\u00bb vertically_center_columns=\u00bbtrue\u00bb background_color=\u00bb#fbfbfb\u00bb text_color=\u00bblight\u00bb top_padding=\u00bb0&#8243;&#8230;<\/p>\n","protected":false},"author":3,"featured_media":0,"parent":0,"menu_order":33,"comment_status":"open","ping_status":"closed","template":"","meta":{"footnotes":""},"yoast_head":"<!-- This site is optimized with the Yoast SEO plugin v24.5 - https:\/\/yoast.com\/wordpress\/plugins\/seo\/ -->\n<title>Hospital - Soluciones Innovadoras en Energ\u00eda y Agua<\/title>\n<meta name=\"description\" content=\"Explore nuestro estudio de caso en el sector hospitalario. Descubre c\u00f3mo nuestras soluciones optimizan la eficiencia y sostenibilidad en entornos m\u00e9dicos cr\u00edticos.\" \/>\n<meta name=\"robots\" content=\"index, follow, max-snippet:-1, max-image-preview:large, max-video-preview:-1\" \/>\n<link rel=\"canonical\" href=\"https:\/\/www.threesefficiency.com\/es\/hospital\/\" \/>\n<meta property=\"og:locale\" content=\"es_ES\" \/>\n<meta property=\"og:type\" content=\"article\" \/>\n<meta property=\"og:title\" content=\"Hospital - Soluciones Innovadoras en Energ\u00eda y Agua\" \/>\n<meta property=\"og:description\" content=\"Explore nuestro estudio de caso en el sector hospitalario. Descubre c\u00f3mo nuestras soluciones optimizan la eficiencia y sostenibilidad en entornos m\u00e9dicos cr\u00edticos.\" \/>\n<meta property=\"og:url\" content=\"https:\/\/www.threesefficiency.com\/es\/hospital\/\" \/>\n<meta property=\"og:site_name\" content=\"Threes Efficiency\" \/>\n<meta property=\"article:modified_time\" content=\"2024-04-29T13:23:47+00:00\" \/>\n<meta property=\"og:image\" content=\"https:\/\/www.threesefficiency.com\/wp-content\/uploads\/2024\/03\/threeslogo.png\" \/>\n\t<meta property=\"og:image:width\" content=\"500\" \/>\n\t<meta property=\"og:image:height\" content=\"500\" \/>\n\t<meta property=\"og:image:type\" content=\"image\/png\" \/>\n<meta name=\"twitter:card\" content=\"summary_large_image\" \/>\n<meta name=\"twitter:label1\" content=\"Tiempo de lectura\" \/>\n\t<meta name=\"twitter:data1\" content=\"1 minuto\" \/>\n<script type=\"application\/ld+json\" class=\"yoast-schema-graph\">{\"@context\":\"https:\/\/schema.org\",\"@graph\":[{\"@type\":\"WebPage\",\"@id\":\"https:\/\/www.threesefficiency.com\/es\/hospital\/\",\"url\":\"https:\/\/www.threesefficiency.com\/es\/hospital\/\",\"name\":\"Hospital - Soluciones Innovadoras en Energ\u00eda y Agua\",\"isPartOf\":{\"@id\":\"https:\/\/www.threesefficiency.com\/en\/#website\"},\"datePublished\":\"2023-06-23T11:48:47+00:00\",\"dateModified\":\"2024-04-29T13:23:47+00:00\",\"description\":\"Explore nuestro estudio de caso en el sector hospitalario. Descubre c\u00f3mo nuestras soluciones optimizan la eficiencia y sostenibilidad en entornos m\u00e9dicos cr\u00edticos.\",\"breadcrumb\":{\"@id\":\"https:\/\/www.threesefficiency.com\/es\/hospital\/#breadcrumb\"},\"inLanguage\":\"es\",\"potentialAction\":[{\"@type\":\"ReadAction\",\"target\":[\"https:\/\/www.threesefficiency.com\/es\/hospital\/\"]}]},{\"@type\":\"BreadcrumbList\",\"@id\":\"https:\/\/www.threesefficiency.com\/es\/hospital\/#breadcrumb\",\"itemListElement\":[{\"@type\":\"ListItem\",\"position\":1,\"name\":\"Portada\",\"item\":\"https:\/\/www.threesefficiency.com\/es\/\"},{\"@type\":\"ListItem\",\"position\":2,\"name\":\"Hospital\"}]},{\"@type\":\"WebSite\",\"@id\":\"https:\/\/www.threesefficiency.com\/en\/#website\",\"url\":\"https:\/\/www.threesefficiency.com\/en\/\",\"name\":\"Threes Efficiency\",\"description\":\"Smart Energy and Water Solutions\",\"publisher\":{\"@id\":\"https:\/\/www.threesefficiency.com\/en\/#organization\"},\"alternateName\":\"Threes\",\"potentialAction\":[{\"@type\":\"SearchAction\",\"target\":{\"@type\":\"EntryPoint\",\"urlTemplate\":\"https:\/\/www.threesefficiency.com\/en\/?s={search_term_string}\"},\"query-input\":{\"@type\":\"PropertyValueSpecification\",\"valueRequired\":true,\"valueName\":\"search_term_string\"}}],\"inLanguage\":\"es\"},{\"@type\":\"Organization\",\"@id\":\"https:\/\/www.threesefficiency.com\/en\/#organization\",\"name\":\"Threes Efficiency\",\"alternateName\":\"Threes\",\"url\":\"https:\/\/www.threesefficiency.com\/en\/\",\"logo\":{\"@type\":\"ImageObject\",\"inLanguage\":\"es\",\"@id\":\"https:\/\/www.threesefficiency.com\/en\/#\/schema\/logo\/image\/\",\"url\":\"https:\/\/www.threesefficiency.com\/wp-content\/uploads\/2024\/03\/threes-1.png\",\"contentUrl\":\"https:\/\/www.threesefficiency.com\/wp-content\/uploads\/2024\/03\/threes-1.png\",\"width\":500,\"height\":500,\"caption\":\"Threes Efficiency\"},\"image\":{\"@id\":\"https:\/\/www.threesefficiency.com\/en\/#\/schema\/logo\/image\/\"},\"sameAs\":[\"https:\/\/www.linkedin.com\/company\/threes-efficiency\",\"https:\/\/www.instagram.com\/threes.efficiency\/\"]}]}<\/script>\n<!-- \/ Yoast SEO plugin. -->","yoast_head_json":{"title":"Hospital - Soluciones Innovadoras en Energ\u00eda y Agua","description":"Explore nuestro estudio de caso en el sector hospitalario. Descubre c\u00f3mo nuestras soluciones optimizan la eficiencia y sostenibilidad en entornos m\u00e9dicos cr\u00edticos.","robots":{"index":"index","follow":"follow","max-snippet":"max-snippet:-1","max-image-preview":"max-image-preview:large","max-video-preview":"max-video-preview:-1"},"canonical":"https:\/\/www.threesefficiency.com\/es\/hospital\/","og_locale":"es_ES","og_type":"article","og_title":"Hospital - Soluciones Innovadoras en Energ\u00eda y Agua","og_description":"Explore nuestro estudio de caso en el sector hospitalario. Descubre c\u00f3mo nuestras soluciones optimizan la eficiencia y sostenibilidad en entornos m\u00e9dicos cr\u00edticos.","og_url":"https:\/\/www.threesefficiency.com\/es\/hospital\/","og_site_name":"Threes Efficiency","article_modified_time":"2024-04-29T13:23:47+00:00","og_image":[{"width":500,"height":500,"url":"https:\/\/www.threesefficiency.com\/wp-content\/uploads\/2024\/03\/threeslogo.png","type":"image\/png"}],"twitter_card":"summary_large_image","twitter_misc":{"Tiempo de lectura":"1 minuto"},"schema":{"@context":"https:\/\/schema.org","@graph":[{"@type":"WebPage","@id":"https:\/\/www.threesefficiency.com\/es\/hospital\/","url":"https:\/\/www.threesefficiency.com\/es\/hospital\/","name":"Hospital - Soluciones Innovadoras en Energ\u00eda y Agua","isPartOf":{"@id":"https:\/\/www.threesefficiency.com\/en\/#website"},"datePublished":"2023-06-23T11:48:47+00:00","dateModified":"2024-04-29T13:23:47+00:00","description":"Explore nuestro estudio de caso en el sector hospitalario. Descubre c\u00f3mo nuestras soluciones optimizan la eficiencia y sostenibilidad en entornos m\u00e9dicos cr\u00edticos.","breadcrumb":{"@id":"https:\/\/www.threesefficiency.com\/es\/hospital\/#breadcrumb"},"inLanguage":"es","potentialAction":[{"@type":"ReadAction","target":["https:\/\/www.threesefficiency.com\/es\/hospital\/"]}]},{"@type":"BreadcrumbList","@id":"https:\/\/www.threesefficiency.com\/es\/hospital\/#breadcrumb","itemListElement":[{"@type":"ListItem","position":1,"name":"Portada","item":"https:\/\/www.threesefficiency.com\/es\/"},{"@type":"ListItem","position":2,"name":"Hospital"}]},{"@type":"WebSite","@id":"https:\/\/www.threesefficiency.com\/en\/#website","url":"https:\/\/www.threesefficiency.com\/en\/","name":"Threes Efficiency","description":"Smart Energy and Water Solutions","publisher":{"@id":"https:\/\/www.threesefficiency.com\/en\/#organization"},"alternateName":"Threes","potentialAction":[{"@type":"SearchAction","target":{"@type":"EntryPoint","urlTemplate":"https:\/\/www.threesefficiency.com\/en\/?s={search_term_string}"},"query-input":{"@type":"PropertyValueSpecification","valueRequired":true,"valueName":"search_term_string"}}],"inLanguage":"es"},{"@type":"Organization","@id":"https:\/\/www.threesefficiency.com\/en\/#organization","name":"Threes Efficiency","alternateName":"Threes","url":"https:\/\/www.threesefficiency.com\/en\/","logo":{"@type":"ImageObject","inLanguage":"es","@id":"https:\/\/www.threesefficiency.com\/en\/#\/schema\/logo\/image\/","url":"https:\/\/www.threesefficiency.com\/wp-content\/uploads\/2024\/03\/threes-1.png","contentUrl":"https:\/\/www.threesefficiency.com\/wp-content\/uploads\/2024\/03\/threes-1.png","width":500,"height":500,"caption":"Threes Efficiency"},"image":{"@id":"https:\/\/www.threesefficiency.com\/en\/#\/schema\/logo\/image\/"},"sameAs":["https:\/\/www.linkedin.com\/company\/threes-efficiency","https:\/\/www.instagram.com\/threes.efficiency\/"]}]}},"_links":{"self":[{"href":"https:\/\/www.threesefficiency.com\/es\/wp-json\/wp\/v2\/pages\/9326"}],"collection":[{"href":"https:\/\/www.threesefficiency.com\/es\/wp-json\/wp\/v2\/pages"}],"about":[{"href":"https:\/\/www.threesefficiency.com\/es\/wp-json\/wp\/v2\/types\/page"}],"author":[{"embeddable":true,"href":"https:\/\/www.threesefficiency.com\/es\/wp-json\/wp\/v2\/users\/3"}],"replies":[{"embeddable":true,"href":"https:\/\/www.threesefficiency.com\/es\/wp-json\/wp\/v2\/comments?post=9326"}],"version-history":[{"count":7,"href":"https:\/\/www.threesefficiency.com\/es\/wp-json\/wp\/v2\/pages\/9326\/revisions"}],"predecessor-version":[{"id":10904,"href":"https:\/\/www.threesefficiency.com\/es\/wp-json\/wp\/v2\/pages\/9326\/revisions\/10904"}],"wp:attachment":[{"href":"https:\/\/www.threesefficiency.com\/es\/wp-json\/wp\/v2\/media?parent=9326"}],"curies":[{"name":"wp","href":"https:\/\/api.w.org\/{rel}","templated":true}]}}