{"id":7779,"date":"2020-04-24T10:25:54","date_gmt":"2020-04-24T08:25:54","guid":{"rendered":"https:\/\/www.threesefficiency.com\/?page_id=7779"},"modified":"2024-04-29T15:10:44","modified_gmt":"2024-04-29T13:10:44","slug":"politica-de-privacidad","status":"publish","type":"page","link":"https:\/\/www.threesefficiency.com\/es\/politica-de-privacidad\/","title":{"rendered":"Pol\u00edtica de Privacidad"},"content":{"rendered":"<p>Esta pol\u00edtica de protecci\u00f3n de datos, tiene la finalidad de informarte de por qu\u00e9 recogemos tus datos personales, qu\u00e9 es lo que hacemos con ellos, cu\u00e1les son tus derechos y c\u00f3mo puedes ejercerlos.<\/p>\n<p><strong>Denominaci\u00f3n social<\/strong>: THREES Efficiency<br \/>\n<strong>NIF \/ CIF<\/strong>: B95979779<br \/>\n<strong>Oficina<\/strong>:\u00a0THREES. efficiency s.l. Santa Ana, 6. 48930 Getxo (Bizkaia)<br \/>\n<strong>Tel\u00e9fono<\/strong>: +34 902 00 28 12<br \/>\n<strong>Direcci\u00f3n de correo electr\u00f3nico<\/strong>: \u00a0<a title=\"\u00a1M\u00e1ndame un e-mail!\" href=\"info@threesefficiency.com\">info@threesefficiency.com<\/a><br \/>\n<strong>Contacto<\/strong>: <a href=\"https:\/\/www.threesefficiency.com\/#contacto\">www.threesefficiency.com\/#contacto<\/a><\/p>\n<p><strong>Finalidad del tratamiento de datos personales<\/strong><br \/>\nTus datos personales ser\u00e1n utilizados con el fin de responder a las consultas que nos hagas a trav\u00e9s de nuestros formularios de contacto y\/o comentarios. Adem\u00e1s, te haremos llegar informaci\u00f3n de tu inter\u00e9s mediante nuestros canales de comunicaci\u00f3n.<\/p>\n<p>Dicha informaci\u00f3n la mantendremos almacenada mientras no solicites su supresi\u00f3n.<\/p>\n<p><strong>Legitimaci\u00f3n del tratamiento de tus datos personales<\/strong><br \/>\nLas bases legales para el tratamiento de tus datos personales son las siguientes:<\/p>\n<ul>\n<li>Ejecuci\u00f3n del contrato de suscripci\u00f3n para enviarte informaci\u00f3n de tu inter\u00e9s a trav\u00e9s de nuestros canales de comunicaci\u00f3n.<\/li>\n<li>Obtenci\u00f3n de tu consentimiento para responder a las consultas que nos hagas a trav\u00e9s de nuestros formularios de contacto y\/o comentarios.<\/li>\n<li>No est\u00e1s obligado a darnos tu consentimiento para el tratamiento de tus datos personales, pero si no lo haces, THREES Efficiency no te podr\u00e1 enviar informaci\u00f3n de tu inter\u00e9s a trav\u00e9s de nuestros canales de comunicaci\u00f3n.<\/li>\n<\/ul>\n<p><strong>Destinatarios de tus datos de car\u00e1cter personal<\/strong><br \/>\nPara ofrecerte un mejor servicio, te hacemos saber que tus datos personales pueden ser cedidos a:<\/p>\n<ul>\n<li><a href=\"https:\/\/clientes.profesionalhosting.com\/aff.php?aff=1113\" target=\"_blank\" rel=\"noopener noreferrer\">Profesional Hosting<\/a>, con domicilio C\/Hermanos Machado 19, Roquetas de Mar. 04720 Almer\u00eda.<\/li>\n<li>Google LLC, encargado de las anal\u00edticas de este sitio web y sujeto al acuerdo EU-US Privacy Shield.<\/li>\n<\/ul>\n<p><strong>Derechos del usuario<\/strong><br \/>\nTienes una serie de derechos que puedes ejercer en cualquier momento:<\/p>\n<ul>\n<li>Solicitar el acceso a tus datos de car\u00e1cter personal.<\/li>\n<li>Solicitar la rectificaci\u00f3n o supresi\u00f3n.<\/li>\n<li>Solicitar la limitaci\u00f3n del tratamiento.<\/li>\n<li>Oponerse al tratamiento.<\/li>\n<\/ul>\n<p>Para ejercer tus derechos, comun\u00edcanoslo v\u00eda e-mail.<\/p>\n","protected":false},"excerpt":{"rendered":"<p>Esta pol\u00edtica de protecci\u00f3n de datos, tiene la finalidad de informarte de por qu\u00e9 recogemos tus datos personales, qu\u00e9 es lo que hacemos con ellos, cu\u00e1les son tus derechos y&#8230;<\/p>\n","protected":false},"author":1,"featured_media":0,"parent":0,"menu_order":0,"comment_status":"closed","ping_status":"closed","template":"","meta":{"footnotes":""},"yoast_head":"<!-- This site is optimized with the Yoast SEO plugin v24.5 - https:\/\/yoast.com\/wordpress\/plugins\/seo\/ -->\n<title>Pol\u00edtica de Privacidad - Soluciones Innovadoras en Energ\u00eda y Agua<\/title>\n<meta name=\"description\" content=\"Lee nuestra pol\u00edtica de privacidad. Aseguramos la protecci\u00f3n de tus datos y tu privacidad cuando interact\u00faas con nosotros.\" \/>\n<meta name=\"robots\" content=\"noindex, nofollow\" \/>\n<meta property=\"og:locale\" content=\"es_ES\" \/>\n<meta property=\"og:type\" content=\"article\" \/>\n<meta property=\"og:title\" content=\"Pol\u00edtica de Privacidad - Soluciones Innovadoras en Energ\u00eda y Agua\" \/>\n<meta property=\"og:description\" content=\"Lee nuestra pol\u00edtica de privacidad. Aseguramos la protecci\u00f3n de tus datos y tu privacidad cuando interact\u00faas con nosotros.\" \/>\n<meta property=\"og:url\" content=\"https:\/\/www.threesefficiency.com\/es\/politica-de-privacidad\/\" \/>\n<meta property=\"og:site_name\" content=\"Threes Efficiency\" \/>\n<meta property=\"article:modified_time\" content=\"2024-04-29T13:10:44+00:00\" \/>\n<meta property=\"og:image\" content=\"https:\/\/www.threesefficiency.com\/wp-content\/uploads\/2024\/03\/threeslogo.png\" \/>\n\t<meta property=\"og:image:width\" content=\"500\" \/>\n\t<meta property=\"og:image:height\" content=\"500\" \/>\n\t<meta property=\"og:image:type\" content=\"image\/png\" \/>\n<meta name=\"twitter:card\" content=\"summary_large_image\" \/>\n<meta name=\"twitter:label1\" content=\"Tiempo de lectura\" \/>\n\t<meta name=\"twitter:data1\" content=\"2 minutos\" \/>\n<script type=\"application\/ld+json\" class=\"yoast-schema-graph\">{\"@context\":\"https:\/\/schema.org\",\"@graph\":[{\"@type\":\"WebPage\",\"@id\":\"https:\/\/www.threesefficiency.com\/es\/politica-de-privacidad\/\",\"url\":\"https:\/\/www.threesefficiency.com\/es\/politica-de-privacidad\/\",\"name\":\"Pol\u00edtica de Privacidad - Soluciones Innovadoras en Energ\u00eda y Agua\",\"isPartOf\":{\"@id\":\"https:\/\/www.threesefficiency.com\/en\/#website\"},\"datePublished\":\"2020-04-24T08:25:54+00:00\",\"dateModified\":\"2024-04-29T13:10:44+00:00\",\"description\":\"Lee nuestra pol\u00edtica de privacidad. Aseguramos la protecci\u00f3n de tus datos y tu privacidad cuando interact\u00faas con nosotros.\",\"breadcrumb\":{\"@id\":\"https:\/\/www.threesefficiency.com\/es\/politica-de-privacidad\/#breadcrumb\"},\"inLanguage\":\"es\",\"potentialAction\":[{\"@type\":\"ReadAction\",\"target\":[\"https:\/\/www.threesefficiency.com\/es\/politica-de-privacidad\/\"]}]},{\"@type\":\"BreadcrumbList\",\"@id\":\"https:\/\/www.threesefficiency.com\/es\/politica-de-privacidad\/#breadcrumb\",\"itemListElement\":[{\"@type\":\"ListItem\",\"position\":1,\"name\":\"Portada\",\"item\":\"https:\/\/www.threesefficiency.com\/es\/\"},{\"@type\":\"ListItem\",\"position\":2,\"name\":\"Pol\u00edtica de Privacidad\"}]},{\"@type\":\"WebSite\",\"@id\":\"https:\/\/www.threesefficiency.com\/en\/#website\",\"url\":\"https:\/\/www.threesefficiency.com\/en\/\",\"name\":\"Threes Efficiency\",\"description\":\"Smart Energy and Water Solutions\",\"publisher\":{\"@id\":\"https:\/\/www.threesefficiency.com\/en\/#organization\"},\"alternateName\":\"Threes\",\"potentialAction\":[{\"@type\":\"SearchAction\",\"target\":{\"@type\":\"EntryPoint\",\"urlTemplate\":\"https:\/\/www.threesefficiency.com\/en\/?s={search_term_string}\"},\"query-input\":{\"@type\":\"PropertyValueSpecification\",\"valueRequired\":true,\"valueName\":\"search_term_string\"}}],\"inLanguage\":\"es\"},{\"@type\":\"Organization\",\"@id\":\"https:\/\/www.threesefficiency.com\/en\/#organization\",\"name\":\"Threes Efficiency\",\"alternateName\":\"Threes\",\"url\":\"https:\/\/www.threesefficiency.com\/en\/\",\"logo\":{\"@type\":\"ImageObject\",\"inLanguage\":\"es\",\"@id\":\"https:\/\/www.threesefficiency.com\/en\/#\/schema\/logo\/image\/\",\"url\":\"https:\/\/www.threesefficiency.com\/wp-content\/uploads\/2024\/03\/threes-1.png\",\"contentUrl\":\"https:\/\/www.threesefficiency.com\/wp-content\/uploads\/2024\/03\/threes-1.png\",\"width\":500,\"height\":500,\"caption\":\"Threes Efficiency\"},\"image\":{\"@id\":\"https:\/\/www.threesefficiency.com\/en\/#\/schema\/logo\/image\/\"},\"sameAs\":[\"https:\/\/www.linkedin.com\/company\/threes-efficiency\",\"https:\/\/www.instagram.com\/threes.efficiency\/\"]}]}<\/script>\n<!-- \/ Yoast SEO plugin. -->","yoast_head_json":{"title":"Pol\u00edtica de Privacidad - Soluciones Innovadoras en Energ\u00eda y Agua","description":"Lee nuestra pol\u00edtica de privacidad. Aseguramos la protecci\u00f3n de tus datos y tu privacidad cuando interact\u00faas con nosotros.","robots":{"index":"noindex","follow":"nofollow"},"og_locale":"es_ES","og_type":"article","og_title":"Pol\u00edtica de Privacidad - Soluciones Innovadoras en Energ\u00eda y Agua","og_description":"Lee nuestra pol\u00edtica de privacidad. Aseguramos la protecci\u00f3n de tus datos y tu privacidad cuando interact\u00faas con nosotros.","og_url":"https:\/\/www.threesefficiency.com\/es\/politica-de-privacidad\/","og_site_name":"Threes Efficiency","article_modified_time":"2024-04-29T13:10:44+00:00","og_image":[{"width":500,"height":500,"url":"https:\/\/www.threesefficiency.com\/wp-content\/uploads\/2024\/03\/threeslogo.png","type":"image\/png"}],"twitter_card":"summary_large_image","twitter_misc":{"Tiempo de lectura":"2 minutos"},"schema":{"@context":"https:\/\/schema.org","@graph":[{"@type":"WebPage","@id":"https:\/\/www.threesefficiency.com\/es\/politica-de-privacidad\/","url":"https:\/\/www.threesefficiency.com\/es\/politica-de-privacidad\/","name":"Pol\u00edtica de Privacidad - Soluciones Innovadoras en Energ\u00eda y Agua","isPartOf":{"@id":"https:\/\/www.threesefficiency.com\/en\/#website"},"datePublished":"2020-04-24T08:25:54+00:00","dateModified":"2024-04-29T13:10:44+00:00","description":"Lee nuestra pol\u00edtica de privacidad. Aseguramos la protecci\u00f3n de tus datos y tu privacidad cuando interact\u00faas con nosotros.","breadcrumb":{"@id":"https:\/\/www.threesefficiency.com\/es\/politica-de-privacidad\/#breadcrumb"},"inLanguage":"es","potentialAction":[{"@type":"ReadAction","target":["https:\/\/www.threesefficiency.com\/es\/politica-de-privacidad\/"]}]},{"@type":"BreadcrumbList","@id":"https:\/\/www.threesefficiency.com\/es\/politica-de-privacidad\/#breadcrumb","itemListElement":[{"@type":"ListItem","position":1,"name":"Portada","item":"https:\/\/www.threesefficiency.com\/es\/"},{"@type":"ListItem","position":2,"name":"Pol\u00edtica de Privacidad"}]},{"@type":"WebSite","@id":"https:\/\/www.threesefficiency.com\/en\/#website","url":"https:\/\/www.threesefficiency.com\/en\/","name":"Threes Efficiency","description":"Smart Energy and Water Solutions","publisher":{"@id":"https:\/\/www.threesefficiency.com\/en\/#organization"},"alternateName":"Threes","potentialAction":[{"@type":"SearchAction","target":{"@type":"EntryPoint","urlTemplate":"https:\/\/www.threesefficiency.com\/en\/?s={search_term_string}"},"query-input":{"@type":"PropertyValueSpecification","valueRequired":true,"valueName":"search_term_string"}}],"inLanguage":"es"},{"@type":"Organization","@id":"https:\/\/www.threesefficiency.com\/en\/#organization","name":"Threes Efficiency","alternateName":"Threes","url":"https:\/\/www.threesefficiency.com\/en\/","logo":{"@type":"ImageObject","inLanguage":"es","@id":"https:\/\/www.threesefficiency.com\/en\/#\/schema\/logo\/image\/","url":"https:\/\/www.threesefficiency.com\/wp-content\/uploads\/2024\/03\/threes-1.png","contentUrl":"https:\/\/www.threesefficiency.com\/wp-content\/uploads\/2024\/03\/threes-1.png","width":500,"height":500,"caption":"Threes Efficiency"},"image":{"@id":"https:\/\/www.threesefficiency.com\/en\/#\/schema\/logo\/image\/"},"sameAs":["https:\/\/www.linkedin.com\/company\/threes-efficiency","https:\/\/www.instagram.com\/threes.efficiency\/"]}]}},"_links":{"self":[{"href":"https:\/\/www.threesefficiency.com\/es\/wp-json\/wp\/v2\/pages\/7779"}],"collection":[{"href":"https:\/\/www.threesefficiency.com\/es\/wp-json\/wp\/v2\/pages"}],"about":[{"href":"https:\/\/www.threesefficiency.com\/es\/wp-json\/wp\/v2\/types\/page"}],"author":[{"embeddable":true,"href":"https:\/\/www.threesefficiency.com\/es\/wp-json\/wp\/v2\/users\/1"}],"replies":[{"embeddable":true,"href":"https:\/\/www.threesefficiency.com\/es\/wp-json\/wp\/v2\/comments?post=7779"}],"version-history":[{"count":5,"href":"https:\/\/www.threesefficiency.com\/es\/wp-json\/wp\/v2\/pages\/7779\/revisions"}],"predecessor-version":[{"id":11154,"href":"https:\/\/www.threesefficiency.com\/es\/wp-json\/wp\/v2\/pages\/7779\/revisions\/11154"}],"wp:attachment":[{"href":"https:\/\/www.threesefficiency.com\/es\/wp-json\/wp\/v2\/media?parent=7779"}],"curies":[{"name":"wp","href":"https:\/\/api.w.org\/{rel}","templated":true}]}}