{"id":7778,"date":"2020-04-24T10:25:59","date_gmt":"2020-04-24T08:25:59","guid":{"rendered":"https:\/\/www.threesefficiency.com\/?page_id=7778"},"modified":"2024-04-29T15:14:53","modified_gmt":"2024-04-29T13:14:53","slug":"politica-de-cookies","status":"publish","type":"page","link":"https:\/\/www.threesefficiency.com\/es\/politica-de-cookies\/","title":{"rendered":"Pol\u00edtica de Cookies"},"content":{"rendered":"<p><strong>Cookies<\/strong><br \/>\nUna \u201ccookie\u201d es una peque\u00f1a cantidad de c\u00f3digo que se almacena en tu navegador cuando navegas por la mayor\u00eda de los sitios web. No es un virus, ni spam, ni abre ventanas pop-up indeseadas.<\/p>\n<p><strong>Informaci\u00f3n almacenada<\/strong><br \/>\nLas cookies no suelen almacenar informaci\u00f3n como n\u00fameros de tarjetas de cr\u00e9dito, datos bancarios, fotograf\u00edas o informaci\u00f3n personal. Los datos que guardan son de tipo estad\u00edstico, preferencias de uso, etc.<\/p>\n<p><strong>Tipos de cookies<\/strong><\/p>\n<ul>\n<li><b>T\u00e9cnicas:<\/b> Son las m\u00e1s b\u00e1sicas y permiten, entre otras cosas, saber cu\u00e1ndo est\u00e1 navegando una persona y cuando un sistema automatizado, cu\u00e1ndo navega un usuario an\u00f3nimo o uno previamente registrado.<\/li>\n<li><b>Anal\u00edticas:<\/b> Recogen informaci\u00f3n sobre el tipo de navegaci\u00f3n que est\u00e1 haciendo, las secciones o productos que m\u00e1s se visualizan, horario de uso, idiomas, etc.<\/li>\n<li><b>Publicitarias:<\/b> Muestran publicidad en dependiendo del navegador, zona geogr\u00e1fica, idioma, etc.<\/li>\n<\/ul>\n<p><strong>Cookies propias de terceros<\/strong><br \/>\nLas cookies propias son generadas por THREES Efficiency y las de terceros son las generadas por servicios externos.<\/p>\n<p><strong>Cookies utilizadas<\/strong><br \/>\nEn este sitio web se utilizan las siguientes cookies:<\/p>\n<ul>\n<li>Google Analytics para analizar el uso que hacen los usuarios del sitio web y mejorar la usabilidad del mismo, pero en ning\u00fan caso se asocian a datos que identifiquen al usuario. Google Analytics, es un servicio web prestado por Google, Inc. El usuario puede consultar <a class=\"external\" href=\"https:\/\/www.google.es\/intl\/es\/policies\/technologies\/types\/\" target=\"_blank\" rel=\"nofollow noopener noreferrer\">aqu\u00ed<\/a> el tipo de cookie utilizadas por este servicio.<\/li>\n<li>Las cookies de redes sociales pueden almacenarse en su navegador mientras navega por este sitio web. Por ejemplo, cuando utiliza el bot\u00f3n de compartir en alguna red social.<\/li>\n<\/ul>\n<p><strong>Eliminar cookies<\/strong><br \/>\nSe pueden eliminar y bloquear, de forma general o particular para un dominio concreto.<br \/>\nDebe ir a la configuraci\u00f3n de su navegador y all\u00ed podr\u00e1 buscar las relativas al dominio en concreto y eliminarlas.<\/p>\n<ul>\n<li>Configuraci\u00f3n de cookies para <a class=\"external\" href=\"http:\/\/support.google.com\/chrome\/bin\/answer.py?hl=es&amp;answer=95647\" target=\"_blank\" rel=\"nofollow noopener noreferrer\">Google Chrome<\/a><\/li>\n<li>Configuraci\u00f3n de cookies para <a class=\"external\" href=\"https:\/\/support.apple.com\/es-es\/HT201265\" target=\"_blank\" rel=\"nofollow noopener noreferrer\">Apple Safari<\/a><\/li>\n<li>Configuraci\u00f3n de cookies para <a class=\"external\" href=\"https:\/\/support.microsoft.com\/en-us\/help\/17442\/windows-internet-explorer-delete-manage-cookies#ie=ie-10\" target=\"_blank\" rel=\"nofollow noopener noreferrer\">Internet Explorer<\/a><\/li>\n<li>Configuraci\u00f3n de cookies para <a class=\"external\" href=\"https:\/\/support.mozilla.org\/es\/kb\/habilitar-y-deshabilitar-cookies-sitios-web-rastrear-preferencias?redirectlocale=es&amp;redirectslug=habilitar-y-deshabilitar-cookies-que-los-sitios-we\" target=\"_blank\" rel=\"nofollow noopener noreferrer\">Mozilla Firefox<\/a><\/li>\n<\/ul>\n","protected":false},"excerpt":{"rendered":"<p>Cookies Una \u201ccookie\u201d es una peque\u00f1a cantidad de c\u00f3digo que se almacena en tu navegador cuando navegas por la mayor\u00eda de los sitios web. No es un virus, ni spam,&#8230;<\/p>\n","protected":false},"author":1,"featured_media":0,"parent":0,"menu_order":0,"comment_status":"closed","ping_status":"closed","template":"","meta":{"footnotes":""},"yoast_head":"<!-- This site is optimized with the Yoast SEO plugin v24.5 - https:\/\/yoast.com\/wordpress\/plugins\/seo\/ -->\n<title>Pol\u00edtica de Cookies - Soluciones Innovadoras en Energ\u00eda y Agua<\/title>\n<meta name=\"description\" content=\"Consulta nuestra pol\u00edtica de cookies. Descubre c\u00f3mo utilizamos las cookies para mejorar tu experiencia de navegaci\u00f3n y proteger tu privacidad.\" \/>\n<meta name=\"robots\" content=\"noindex, nofollow\" \/>\n<meta property=\"og:locale\" content=\"es_ES\" \/>\n<meta property=\"og:type\" content=\"article\" \/>\n<meta property=\"og:title\" content=\"Pol\u00edtica de Cookies - Soluciones Innovadoras en Energ\u00eda y Agua\" \/>\n<meta property=\"og:description\" content=\"Consulta nuestra pol\u00edtica de cookies. Descubre c\u00f3mo utilizamos las cookies para mejorar tu experiencia de navegaci\u00f3n y proteger tu privacidad.\" \/>\n<meta property=\"og:url\" content=\"https:\/\/www.threesefficiency.com\/es\/politica-de-cookies\/\" \/>\n<meta property=\"og:site_name\" content=\"Threes Efficiency\" \/>\n<meta property=\"article:modified_time\" content=\"2024-04-29T13:14:53+00:00\" \/>\n<meta property=\"og:image\" content=\"https:\/\/www.threesefficiency.com\/wp-content\/uploads\/2024\/03\/threeslogo.png\" \/>\n\t<meta property=\"og:image:width\" content=\"500\" \/>\n\t<meta property=\"og:image:height\" content=\"500\" \/>\n\t<meta property=\"og:image:type\" content=\"image\/png\" \/>\n<meta name=\"twitter:card\" content=\"summary_large_image\" \/>\n<meta name=\"twitter:label1\" content=\"Tiempo de lectura\" \/>\n\t<meta name=\"twitter:data1\" content=\"2 minutos\" \/>\n<script type=\"application\/ld+json\" class=\"yoast-schema-graph\">{\"@context\":\"https:\/\/schema.org\",\"@graph\":[{\"@type\":\"WebPage\",\"@id\":\"https:\/\/www.threesefficiency.com\/es\/politica-de-cookies\/\",\"url\":\"https:\/\/www.threesefficiency.com\/es\/politica-de-cookies\/\",\"name\":\"Pol\u00edtica de Cookies - Soluciones Innovadoras en Energ\u00eda y Agua\",\"isPartOf\":{\"@id\":\"https:\/\/www.threesefficiency.com\/en\/#website\"},\"datePublished\":\"2020-04-24T08:25:59+00:00\",\"dateModified\":\"2024-04-29T13:14:53+00:00\",\"description\":\"Consulta nuestra pol\u00edtica de cookies. Descubre c\u00f3mo utilizamos las cookies para mejorar tu experiencia de navegaci\u00f3n y proteger tu privacidad.\",\"breadcrumb\":{\"@id\":\"https:\/\/www.threesefficiency.com\/es\/politica-de-cookies\/#breadcrumb\"},\"inLanguage\":\"es\",\"potentialAction\":[{\"@type\":\"ReadAction\",\"target\":[\"https:\/\/www.threesefficiency.com\/es\/politica-de-cookies\/\"]}]},{\"@type\":\"BreadcrumbList\",\"@id\":\"https:\/\/www.threesefficiency.com\/es\/politica-de-cookies\/#breadcrumb\",\"itemListElement\":[{\"@type\":\"ListItem\",\"position\":1,\"name\":\"Portada\",\"item\":\"https:\/\/www.threesefficiency.com\/es\/\"},{\"@type\":\"ListItem\",\"position\":2,\"name\":\"Pol\u00edtica de Cookies\"}]},{\"@type\":\"WebSite\",\"@id\":\"https:\/\/www.threesefficiency.com\/en\/#website\",\"url\":\"https:\/\/www.threesefficiency.com\/en\/\",\"name\":\"Threes Efficiency\",\"description\":\"Smart Energy and Water Solutions\",\"publisher\":{\"@id\":\"https:\/\/www.threesefficiency.com\/en\/#organization\"},\"alternateName\":\"Threes\",\"potentialAction\":[{\"@type\":\"SearchAction\",\"target\":{\"@type\":\"EntryPoint\",\"urlTemplate\":\"https:\/\/www.threesefficiency.com\/en\/?s={search_term_string}\"},\"query-input\":{\"@type\":\"PropertyValueSpecification\",\"valueRequired\":true,\"valueName\":\"search_term_string\"}}],\"inLanguage\":\"es\"},{\"@type\":\"Organization\",\"@id\":\"https:\/\/www.threesefficiency.com\/en\/#organization\",\"name\":\"Threes Efficiency\",\"alternateName\":\"Threes\",\"url\":\"https:\/\/www.threesefficiency.com\/en\/\",\"logo\":{\"@type\":\"ImageObject\",\"inLanguage\":\"es\",\"@id\":\"https:\/\/www.threesefficiency.com\/en\/#\/schema\/logo\/image\/\",\"url\":\"https:\/\/www.threesefficiency.com\/wp-content\/uploads\/2024\/03\/threes-1.png\",\"contentUrl\":\"https:\/\/www.threesefficiency.com\/wp-content\/uploads\/2024\/03\/threes-1.png\",\"width\":500,\"height\":500,\"caption\":\"Threes Efficiency\"},\"image\":{\"@id\":\"https:\/\/www.threesefficiency.com\/en\/#\/schema\/logo\/image\/\"},\"sameAs\":[\"https:\/\/www.linkedin.com\/company\/threes-efficiency\",\"https:\/\/www.instagram.com\/threes.efficiency\/\"]}]}<\/script>\n<!-- \/ Yoast SEO plugin. -->","yoast_head_json":{"title":"Pol\u00edtica de Cookies - Soluciones Innovadoras en Energ\u00eda y Agua","description":"Consulta nuestra pol\u00edtica de cookies. Descubre c\u00f3mo utilizamos las cookies para mejorar tu experiencia de navegaci\u00f3n y proteger tu privacidad.","robots":{"index":"noindex","follow":"nofollow"},"og_locale":"es_ES","og_type":"article","og_title":"Pol\u00edtica de Cookies - Soluciones Innovadoras en Energ\u00eda y Agua","og_description":"Consulta nuestra pol\u00edtica de cookies. Descubre c\u00f3mo utilizamos las cookies para mejorar tu experiencia de navegaci\u00f3n y proteger tu privacidad.","og_url":"https:\/\/www.threesefficiency.com\/es\/politica-de-cookies\/","og_site_name":"Threes Efficiency","article_modified_time":"2024-04-29T13:14:53+00:00","og_image":[{"width":500,"height":500,"url":"https:\/\/www.threesefficiency.com\/wp-content\/uploads\/2024\/03\/threeslogo.png","type":"image\/png"}],"twitter_card":"summary_large_image","twitter_misc":{"Tiempo de lectura":"2 minutos"},"schema":{"@context":"https:\/\/schema.org","@graph":[{"@type":"WebPage","@id":"https:\/\/www.threesefficiency.com\/es\/politica-de-cookies\/","url":"https:\/\/www.threesefficiency.com\/es\/politica-de-cookies\/","name":"Pol\u00edtica de Cookies - Soluciones Innovadoras en Energ\u00eda y Agua","isPartOf":{"@id":"https:\/\/www.threesefficiency.com\/en\/#website"},"datePublished":"2020-04-24T08:25:59+00:00","dateModified":"2024-04-29T13:14:53+00:00","description":"Consulta nuestra pol\u00edtica de cookies. Descubre c\u00f3mo utilizamos las cookies para mejorar tu experiencia de navegaci\u00f3n y proteger tu privacidad.","breadcrumb":{"@id":"https:\/\/www.threesefficiency.com\/es\/politica-de-cookies\/#breadcrumb"},"inLanguage":"es","potentialAction":[{"@type":"ReadAction","target":["https:\/\/www.threesefficiency.com\/es\/politica-de-cookies\/"]}]},{"@type":"BreadcrumbList","@id":"https:\/\/www.threesefficiency.com\/es\/politica-de-cookies\/#breadcrumb","itemListElement":[{"@type":"ListItem","position":1,"name":"Portada","item":"https:\/\/www.threesefficiency.com\/es\/"},{"@type":"ListItem","position":2,"name":"Pol\u00edtica de Cookies"}]},{"@type":"WebSite","@id":"https:\/\/www.threesefficiency.com\/en\/#website","url":"https:\/\/www.threesefficiency.com\/en\/","name":"Threes Efficiency","description":"Smart Energy and Water Solutions","publisher":{"@id":"https:\/\/www.threesefficiency.com\/en\/#organization"},"alternateName":"Threes","potentialAction":[{"@type":"SearchAction","target":{"@type":"EntryPoint","urlTemplate":"https:\/\/www.threesefficiency.com\/en\/?s={search_term_string}"},"query-input":{"@type":"PropertyValueSpecification","valueRequired":true,"valueName":"search_term_string"}}],"inLanguage":"es"},{"@type":"Organization","@id":"https:\/\/www.threesefficiency.com\/en\/#organization","name":"Threes Efficiency","alternateName":"Threes","url":"https:\/\/www.threesefficiency.com\/en\/","logo":{"@type":"ImageObject","inLanguage":"es","@id":"https:\/\/www.threesefficiency.com\/en\/#\/schema\/logo\/image\/","url":"https:\/\/www.threesefficiency.com\/wp-content\/uploads\/2024\/03\/threes-1.png","contentUrl":"https:\/\/www.threesefficiency.com\/wp-content\/uploads\/2024\/03\/threes-1.png","width":500,"height":500,"caption":"Threes Efficiency"},"image":{"@id":"https:\/\/www.threesefficiency.com\/en\/#\/schema\/logo\/image\/"},"sameAs":["https:\/\/www.linkedin.com\/company\/threes-efficiency","https:\/\/www.instagram.com\/threes.efficiency\/"]}]}},"_links":{"self":[{"href":"https:\/\/www.threesefficiency.com\/es\/wp-json\/wp\/v2\/pages\/7778"}],"collection":[{"href":"https:\/\/www.threesefficiency.com\/es\/wp-json\/wp\/v2\/pages"}],"about":[{"href":"https:\/\/www.threesefficiency.com\/es\/wp-json\/wp\/v2\/types\/page"}],"author":[{"embeddable":true,"href":"https:\/\/www.threesefficiency.com\/es\/wp-json\/wp\/v2\/users\/1"}],"replies":[{"embeddable":true,"href":"https:\/\/www.threesefficiency.com\/es\/wp-json\/wp\/v2\/comments?post=7778"}],"version-history":[{"count":4,"href":"https:\/\/www.threesefficiency.com\/es\/wp-json\/wp\/v2\/pages\/7778\/revisions"}],"predecessor-version":[{"id":11157,"href":"https:\/\/www.threesefficiency.com\/es\/wp-json\/wp\/v2\/pages\/7778\/revisions\/11157"}],"wp:attachment":[{"href":"https:\/\/www.threesefficiency.com\/es\/wp-json\/wp\/v2\/media?parent=7778"}],"curies":[{"name":"wp","href":"https:\/\/api.w.org\/{rel}","templated":true}]}}