{"id":7777,"date":"2020-04-24T10:26:03","date_gmt":"2020-04-24T08:26:03","guid":{"rendered":"https:\/\/www.threesefficiency.com\/?page_id=7777"},"modified":"2024-04-29T15:09:41","modified_gmt":"2024-04-29T13:09:41","slug":"aviso-legal","status":"publish","type":"page","link":"https:\/\/www.threesefficiency.com\/es\/aviso-legal\/","title":{"rendered":"Aviso Legal"},"content":{"rendered":"[vc_row type=\u00bbin_container\u00bb full_screen_row_position=\u00bbmiddle\u00bb column_margin=\u00bbdefault\u00bb scene_position=\u00bbcenter\u00bb text_color=\u00bbdark\u00bb text_align=\u00bbleft\u00bb overlay_strength=\u00bb0.3&#8243; shape_divider_position=\u00bbbottom\u00bb bg_image_animation=\u00bbnone\u00bb][vc_column column_padding=\u00bbno-extra-padding\u00bb column_padding_position=\u00bball\u00bb background_color_opacity=\u00bb1&#8243; background_hover_color_opacity=\u00bb1&#8243; column_link_target=\u00bb_self\u00bb column_shadow=\u00bbnone\u00bb column_border_radius=\u00bbnone\u00bb width=\u00bb1\/1&#8243; tablet_width_inherit=\u00bbdefault\u00bb tablet_text_alignment=\u00bbdefault\u00bb phone_text_alignment=\u00bbdefault\u00bb overlay_strength=\u00bb0.3&#8243; column_border_width=\u00bbnone\u00bb column_border_style=\u00bbsolid\u00bb bg_image_animation=\u00bbnone\u00bb][vc_column_text]\n<p><strong>1. Informaci\u00f3n general<\/strong><br \/>\nEn cumplimiento con el art\u00edculo 10 de la ley 34\/2002, de 11 de julio, de servicios de la sociedad de la informaci\u00f3n y de comercio electr\u00f3nico (LSSI) y el Reglamento (UE) 2016\/679 de protecci\u00f3n de datos, a continuaci\u00f3n se exponen los datos identificativos de THREES Efficiency.<\/p>\n<p><strong>Denominaci\u00f3n social<\/strong>: THREES Efficiency<br \/>\n<strong>NIF \/ CIF<\/strong>: B95979779<br \/>\n<strong>Oficina<\/strong>:\u00a0THREES. Efficiency s.l. Santa Ana, 6. 48930 Getxo (Bizkaia)<\/p>\n<p><strong>Tel\u00e9fono<\/strong>: +34 902 00 28 12<br \/>\n<strong>Direcci\u00f3n de correo electr\u00f3nico<\/strong>: <a title=\"\u00a1M\u00e1ndame un e-mail!\" href=\"info@threesefficiency.com\">info@threesefficiency.com<\/a><\/p>\n<p><strong>2. Condiciones generales de uso<\/strong><br \/>\nEstas condiciones generales regulan el uso (incluyendo el mero acceso) de las p\u00e1ginas integrantes del sitio web de THREES Efficiency incluidos los contenidos y servicios expuestos en ellas. Toda persona que acceda al sitio web, <a href=\"https:\/\/www.threesefficiency.com\">https:\/\/www.threesefficiency.com<\/a> acepta someterse a las condiciones generales vigentes en cada momento en \u00e9l.<\/p>\n<p>El usuario realizar\u00e1 un uso l\u00edcito de los contenidos de este sitio web, de acuerdo con las presentes condiciones generales y la legalidad vigente.<\/p>\n<p>Queda prohibido el uso de este sitio web con fines il\u00edcitos u ofensivos, o que puedan causar alg\u00fan tipo de perjuicio o impedir el normal funcionamiento de \u00e9ste. En el uso del sitio web el usuario se compromete a no realizar ninguna acci\u00f3n que pudiera da\u00f1ar la imagen, los intereses y los derechos de THREES Efficiency o de terceros o que pudiera inutilizar o sobrecargar el sitio web e impedir su funcionamiento normal.<\/p>\n<p>El usuario garantiza que toda la informaci\u00f3n aportada a THREES Efficiency mediante los formularios incluidos en este sitio web es l\u00edcita, real y est\u00e1 actualizada. Ser\u00e1 \u00fanicamente responsabilidad del usuario comunicar a THREES Efficiency cualquier modificaci\u00f3n que se haya realizado en dicha informaci\u00f3n.<\/p>\n<p><strong>3. Pol\u00edtica de protecci\u00f3n de datos<\/strong><br \/>\nLa informaci\u00f3n referente al tratamiento de los datos de car\u00e1cter personal est\u00e1 disponible en <a href=\"https:\/\/www.threesefficiency.com\/es\/politica-de-privacidad\/\">pol\u00edtica de protecci\u00f3n de datos.<\/a><\/p>\n<p><strong>4. Propiedad intelectual y uso de los contenidos<\/strong><br \/>\nLos contenidos de esta web, incluyendo, entre otros, la informaci\u00f3n, texto, im\u00e1genes, animaciones, bases de datos, programas inform\u00e1ticos y lenguaje de programaci\u00f3n, cualesquiera que sea su formato, c\u00f3digo fuente y dem\u00e1s elementos gr\u00e1ficos o sonoros contenidos en www.threeseficiency.com son propiedad de THREES Efficiency y tienen restringida la reproducci\u00f3n, modificaci\u00f3n y\/o publicaci\u00f3n, total o parcial, sin su permiso previo por escrito.<\/p>\n<p><strong>5. Limitaciones o exclusiones de responsabilidad<\/strong><br \/>\nLos contenidos de este sitio web se ofrecen con una finalidad informativa por lo que THREES Efficiency se exime de cualquier responsabilidad, directa o indirecta, que se pudiera derivar del uso o aplicaci\u00f3n de la informaci\u00f3n contenida en esta web fuera de sus prop\u00f3sitos.<\/p>\n<p>Los enlaces (hiperv\u00ednculos) o contenidos de terceros que aparecen en esta web se facilitan con la finalidad de ampliar la informaci\u00f3n. Su inclusi\u00f3n no implica la aceptaci\u00f3n de dichos contenidos, ni la asociaci\u00f3n de THREES Efficiency con los responsables de dichas p\u00e1ginas web, por lo que rechaza cualquier responsabilidad en relaci\u00f3n con los mismos, as\u00ed como por los da\u00f1os que pudieran causarse por cualquier motivo en su sistema inform\u00e1tico (equipo y aplicaciones), documentos o ficheros.<\/p>\n<p>THREES Efficiency no se hace responsable de los fallos, errores o da\u00f1os, directos o indirectos, que puedan causarse al sistema inform\u00e1tico del usuario o a los ficheros o documentos almacenados en el mismo, que sean causados por la presencia de un virus o cualquier otra aplicaci\u00f3n inform\u00e1tica da\u00f1ina en el ordenador que sea utilizado para la conexi\u00f3n a los contenidos de la web.<\/p>\n<p>THREES Efficiency se reserva el derecho, en cualquier momento y sin necesidad de previo aviso, de efectuar modificaciones y\/o actualizaciones de la informaci\u00f3n contenida en la web, de la configuraci\u00f3n, disponibilidad y presentaci\u00f3n de \u00e9sta.<\/p>\n[\/vc_column_text][\/vc_column][\/vc_row]\n","protected":false},"excerpt":{"rendered":"<p>[vc_row type=\u00bbin_container\u00bb full_screen_row_position=\u00bbmiddle\u00bb column_margin=\u00bbdefault\u00bb scene_position=\u00bbcenter\u00bb text_color=\u00bbdark\u00bb text_align=\u00bbleft\u00bb overlay_strength=\u00bb0.3&#8243; shape_divider_position=\u00bbbottom\u00bb bg_image_animation=\u00bbnone\u00bb][vc_column column_padding=\u00bbno-extra-padding\u00bb column_padding_position=\u00bball\u00bb background_color_opacity=\u00bb1&#8243; background_hover_color_opacity=\u00bb1&#8243; column_link_target=\u00bb_self\u00bb column_shadow=\u00bbnone\u00bb column_border_radius=\u00bbnone\u00bb width=\u00bb1\/1&#8243; tablet_width_inherit=\u00bbdefault\u00bb tablet_text_alignment=\u00bbdefault\u00bb phone_text_alignment=\u00bbdefault\u00bb overlay_strength=\u00bb0.3&#8243; column_border_width=\u00bbnone\u00bb column_border_style=\u00bbsolid\u00bb bg_image_animation=\u00bbnone\u00bb][vc_column_text] 1. Informaci\u00f3n general En cumplimiento&#8230;<\/p>\n","protected":false},"author":1,"featured_media":0,"parent":0,"menu_order":0,"comment_status":"closed","ping_status":"closed","template":"","meta":{"footnotes":""},"yoast_head":"<!-- This site is optimized with the Yoast SEO plugin v24.5 - https:\/\/yoast.com\/wordpress\/plugins\/seo\/ -->\n<title>Aviso Legal - Soluciones Innovadoras en Energ\u00eda y Agua<\/title>\n<meta name=\"description\" content=\"Consulta nuestro aviso legal. Obt\u00e9n informaci\u00f3n detallada sobre t\u00e9rminos, condiciones y pol\u00edticas para garantizar una asociaci\u00f3n de confianza.\" \/>\n<meta name=\"robots\" content=\"noindex, nofollow\" \/>\n<meta property=\"og:locale\" content=\"es_ES\" \/>\n<meta property=\"og:type\" content=\"article\" \/>\n<meta property=\"og:title\" content=\"Aviso Legal - Soluciones Innovadoras en Energ\u00eda y Agua\" \/>\n<meta property=\"og:description\" content=\"Consulta nuestro aviso legal. Obt\u00e9n informaci\u00f3n detallada sobre t\u00e9rminos, condiciones y pol\u00edticas para garantizar una asociaci\u00f3n de confianza.\" \/>\n<meta property=\"og:url\" content=\"https:\/\/www.threesefficiency.com\/es\/aviso-legal\/\" \/>\n<meta property=\"og:site_name\" content=\"Threes Efficiency\" \/>\n<meta property=\"article:modified_time\" content=\"2024-04-29T13:09:41+00:00\" \/>\n<meta property=\"og:image\" content=\"https:\/\/www.threesefficiency.com\/wp-content\/uploads\/2024\/03\/threeslogo.png\" \/>\n\t<meta property=\"og:image:width\" content=\"500\" \/>\n\t<meta property=\"og:image:height\" content=\"500\" \/>\n\t<meta property=\"og:image:type\" content=\"image\/png\" \/>\n<meta name=\"twitter:card\" content=\"summary_large_image\" \/>\n<meta name=\"twitter:label1\" content=\"Tiempo de lectura\" \/>\n\t<meta name=\"twitter:data1\" content=\"3 minutos\" \/>\n<script type=\"application\/ld+json\" class=\"yoast-schema-graph\">{\"@context\":\"https:\/\/schema.org\",\"@graph\":[{\"@type\":\"WebPage\",\"@id\":\"https:\/\/www.threesefficiency.com\/es\/aviso-legal\/\",\"url\":\"https:\/\/www.threesefficiency.com\/es\/aviso-legal\/\",\"name\":\"Aviso Legal - Soluciones Innovadoras en Energ\u00eda y Agua\",\"isPartOf\":{\"@id\":\"https:\/\/www.threesefficiency.com\/en\/#website\"},\"datePublished\":\"2020-04-24T08:26:03+00:00\",\"dateModified\":\"2024-04-29T13:09:41+00:00\",\"description\":\"Consulta nuestro aviso legal. Obt\u00e9n informaci\u00f3n detallada sobre t\u00e9rminos, condiciones y pol\u00edticas para garantizar una asociaci\u00f3n de confianza.\",\"breadcrumb\":{\"@id\":\"https:\/\/www.threesefficiency.com\/es\/aviso-legal\/#breadcrumb\"},\"inLanguage\":\"es\",\"potentialAction\":[{\"@type\":\"ReadAction\",\"target\":[\"https:\/\/www.threesefficiency.com\/es\/aviso-legal\/\"]}]},{\"@type\":\"BreadcrumbList\",\"@id\":\"https:\/\/www.threesefficiency.com\/es\/aviso-legal\/#breadcrumb\",\"itemListElement\":[{\"@type\":\"ListItem\",\"position\":1,\"name\":\"Portada\",\"item\":\"https:\/\/www.threesefficiency.com\/es\/\"},{\"@type\":\"ListItem\",\"position\":2,\"name\":\"Aviso Legal\"}]},{\"@type\":\"WebSite\",\"@id\":\"https:\/\/www.threesefficiency.com\/en\/#website\",\"url\":\"https:\/\/www.threesefficiency.com\/en\/\",\"name\":\"Threes Efficiency\",\"description\":\"Smart Energy and Water Solutions\",\"publisher\":{\"@id\":\"https:\/\/www.threesefficiency.com\/en\/#organization\"},\"alternateName\":\"Threes\",\"potentialAction\":[{\"@type\":\"SearchAction\",\"target\":{\"@type\":\"EntryPoint\",\"urlTemplate\":\"https:\/\/www.threesefficiency.com\/en\/?s={search_term_string}\"},\"query-input\":{\"@type\":\"PropertyValueSpecification\",\"valueRequired\":true,\"valueName\":\"search_term_string\"}}],\"inLanguage\":\"es\"},{\"@type\":\"Organization\",\"@id\":\"https:\/\/www.threesefficiency.com\/en\/#organization\",\"name\":\"Threes Efficiency\",\"alternateName\":\"Threes\",\"url\":\"https:\/\/www.threesefficiency.com\/en\/\",\"logo\":{\"@type\":\"ImageObject\",\"inLanguage\":\"es\",\"@id\":\"https:\/\/www.threesefficiency.com\/en\/#\/schema\/logo\/image\/\",\"url\":\"https:\/\/www.threesefficiency.com\/wp-content\/uploads\/2024\/03\/threes-1.png\",\"contentUrl\":\"https:\/\/www.threesefficiency.com\/wp-content\/uploads\/2024\/03\/threes-1.png\",\"width\":500,\"height\":500,\"caption\":\"Threes Efficiency\"},\"image\":{\"@id\":\"https:\/\/www.threesefficiency.com\/en\/#\/schema\/logo\/image\/\"},\"sameAs\":[\"https:\/\/www.linkedin.com\/company\/threes-efficiency\",\"https:\/\/www.instagram.com\/threes.efficiency\/\"]}]}<\/script>\n<!-- \/ Yoast SEO plugin. -->","yoast_head_json":{"title":"Aviso Legal - Soluciones Innovadoras en Energ\u00eda y Agua","description":"Consulta nuestro aviso legal. Obt\u00e9n informaci\u00f3n detallada sobre t\u00e9rminos, condiciones y pol\u00edticas para garantizar una asociaci\u00f3n de confianza.","robots":{"index":"noindex","follow":"nofollow"},"og_locale":"es_ES","og_type":"article","og_title":"Aviso Legal - Soluciones Innovadoras en Energ\u00eda y Agua","og_description":"Consulta nuestro aviso legal. Obt\u00e9n informaci\u00f3n detallada sobre t\u00e9rminos, condiciones y pol\u00edticas para garantizar una asociaci\u00f3n de confianza.","og_url":"https:\/\/www.threesefficiency.com\/es\/aviso-legal\/","og_site_name":"Threes Efficiency","article_modified_time":"2024-04-29T13:09:41+00:00","og_image":[{"width":500,"height":500,"url":"https:\/\/www.threesefficiency.com\/wp-content\/uploads\/2024\/03\/threeslogo.png","type":"image\/png"}],"twitter_card":"summary_large_image","twitter_misc":{"Tiempo de lectura":"3 minutos"},"schema":{"@context":"https:\/\/schema.org","@graph":[{"@type":"WebPage","@id":"https:\/\/www.threesefficiency.com\/es\/aviso-legal\/","url":"https:\/\/www.threesefficiency.com\/es\/aviso-legal\/","name":"Aviso Legal - Soluciones Innovadoras en Energ\u00eda y Agua","isPartOf":{"@id":"https:\/\/www.threesefficiency.com\/en\/#website"},"datePublished":"2020-04-24T08:26:03+00:00","dateModified":"2024-04-29T13:09:41+00:00","description":"Consulta nuestro aviso legal. Obt\u00e9n informaci\u00f3n detallada sobre t\u00e9rminos, condiciones y pol\u00edticas para garantizar una asociaci\u00f3n de confianza.","breadcrumb":{"@id":"https:\/\/www.threesefficiency.com\/es\/aviso-legal\/#breadcrumb"},"inLanguage":"es","potentialAction":[{"@type":"ReadAction","target":["https:\/\/www.threesefficiency.com\/es\/aviso-legal\/"]}]},{"@type":"BreadcrumbList","@id":"https:\/\/www.threesefficiency.com\/es\/aviso-legal\/#breadcrumb","itemListElement":[{"@type":"ListItem","position":1,"name":"Portada","item":"https:\/\/www.threesefficiency.com\/es\/"},{"@type":"ListItem","position":2,"name":"Aviso Legal"}]},{"@type":"WebSite","@id":"https:\/\/www.threesefficiency.com\/en\/#website","url":"https:\/\/www.threesefficiency.com\/en\/","name":"Threes Efficiency","description":"Smart Energy and Water Solutions","publisher":{"@id":"https:\/\/www.threesefficiency.com\/en\/#organization"},"alternateName":"Threes","potentialAction":[{"@type":"SearchAction","target":{"@type":"EntryPoint","urlTemplate":"https:\/\/www.threesefficiency.com\/en\/?s={search_term_string}"},"query-input":{"@type":"PropertyValueSpecification","valueRequired":true,"valueName":"search_term_string"}}],"inLanguage":"es"},{"@type":"Organization","@id":"https:\/\/www.threesefficiency.com\/en\/#organization","name":"Threes Efficiency","alternateName":"Threes","url":"https:\/\/www.threesefficiency.com\/en\/","logo":{"@type":"ImageObject","inLanguage":"es","@id":"https:\/\/www.threesefficiency.com\/en\/#\/schema\/logo\/image\/","url":"https:\/\/www.threesefficiency.com\/wp-content\/uploads\/2024\/03\/threes-1.png","contentUrl":"https:\/\/www.threesefficiency.com\/wp-content\/uploads\/2024\/03\/threes-1.png","width":500,"height":500,"caption":"Threes Efficiency"},"image":{"@id":"https:\/\/www.threesefficiency.com\/en\/#\/schema\/logo\/image\/"},"sameAs":["https:\/\/www.linkedin.com\/company\/threes-efficiency","https:\/\/www.instagram.com\/threes.efficiency\/"]}]}},"_links":{"self":[{"href":"https:\/\/www.threesefficiency.com\/es\/wp-json\/wp\/v2\/pages\/7777"}],"collection":[{"href":"https:\/\/www.threesefficiency.com\/es\/wp-json\/wp\/v2\/pages"}],"about":[{"href":"https:\/\/www.threesefficiency.com\/es\/wp-json\/wp\/v2\/types\/page"}],"author":[{"embeddable":true,"href":"https:\/\/www.threesefficiency.com\/es\/wp-json\/wp\/v2\/users\/1"}],"replies":[{"embeddable":true,"href":"https:\/\/www.threesefficiency.com\/es\/wp-json\/wp\/v2\/comments?post=7777"}],"version-history":[{"count":7,"href":"https:\/\/www.threesefficiency.com\/es\/wp-json\/wp\/v2\/pages\/7777\/revisions"}],"predecessor-version":[{"id":11153,"href":"https:\/\/www.threesefficiency.com\/es\/wp-json\/wp\/v2\/pages\/7777\/revisions\/11153"}],"wp:attachment":[{"href":"https:\/\/www.threesefficiency.com\/es\/wp-json\/wp\/v2\/media?parent=7777"}],"curies":[{"name":"wp","href":"https:\/\/api.w.org\/{rel}","templated":true}]}}