{"id":6218,"date":"2017-02-07T15:05:43","date_gmt":"2017-02-07T15:05:43","guid":{"rendered":"http:\/\/themenectar.com\/demo\/salient-startup\/?page_id=6"},"modified":"2024-04-29T14:44:51","modified_gmt":"2024-04-29T12:44:51","slug":"servicios","status":"publish","type":"page","link":"https:\/\/www.threesefficiency.com\/es\/servicios\/","title":{"rendered":"Servicios"},"content":{"rendered":"[vc_row type=\u00bbfull_width_content\u00bb full_screen_row_position=\u00bbmiddle\u00bb column_margin=\u00bbdefault\u00bb scene_position=\u00bbcenter\u00bb text_color=\u00bbdark\u00bb text_align=\u00bbleft\u00bb top_padding=\u00bb0&#8243; overlay_strength=\u00bb0.3&#8243; shape_divider_position=\u00bbbottom\u00bb bg_image_animation=\u00bbnone\u00bb shape_type=\u00bb\u00bb][vc_column column_padding=\u00bbno-extra-padding\u00bb column_padding_position=\u00bball\u00bb background_color_opacity=\u00bb1&#8243; background_hover_color_opacity=\u00bb1&#8243; column_link_target=\u00bb_self\u00bb column_shadow=\u00bbnone\u00bb column_border_radius=\u00bbnone\u00bb width=\u00bb1\/4&#8243; tablet_width_inherit=\u00bbdefault\u00bb tablet_text_alignment=\u00bbdefault\u00bb phone_text_alignment=\u00bbdefault\u00bb overlay_strength=\u00bb0.3&#8243; column_border_width=\u00bbnone\u00bb column_border_style=\u00bbsolid\u00bb bg_image_animation=\u00bbnone\u00bb][fancy_box box_style=\u00bbparallax_hover\u00bb icon_family=\u00bbiconsmind\u00bb image_url=\u00bb6881&#8243; border_radius=\u00bbdefault\u00bb image_loading=\u00bbdefault\u00bb color_scheme=\u00bbdark\u00bb secondary_content=\u00bbhere&#8217;s some awesome text that would only be shown on hover\u00bb icon_iconsmind=\u00bbiconsmind-Check\u00bb min_height=\u00bb600&#8243; link_url=\u00bbhttps:\/\/www.threesefficiency.com\/es\/servicios\/analizar\/\u00bb]\n<h2>1. ANALIZAR<\/h2>\n<h5>Auditorias Energ\u00e9ticas<\/h5>\n[\/fancy_box][vc_row_inner column_margin=\u00bbdefault\u00bb text_align=\u00bbleft\u00bb][vc_column_inner column_padding=\u00bbno-extra-padding\u00bb column_padding_position=\u00bball\u00bb background_color_opacity=\u00bb1&#8243; background_hover_color_opacity=\u00bb1&#8243; column_shadow=\u00bbnone\u00bb column_border_radius=\u00bbnone\u00bb column_link_target=\u00bb_self\u00bb width=\u00bb1\/3&#8243; tablet_width_inherit=\u00bbdefault\u00bb overlay_strength=\u00bb0.3&#8243; column_border_width=\u00bbnone\u00bb column_border_style=\u00bbsolid\u00bb bg_image_animation=\u00bbnone\u00bb][\/vc_column_inner][\/vc_row_inner][\/vc_column][vc_column column_padding=\u00bbno-extra-padding\u00bb column_padding_position=\u00bball\u00bb background_color_opacity=\u00bb1&#8243; background_hover_color_opacity=\u00bb1&#8243; column_link_target=\u00bb_self\u00bb column_shadow=\u00bbnone\u00bb column_border_radius=\u00bbnone\u00bb width=\u00bb1\/4&#8243; tablet_width_inherit=\u00bbdefault\u00bb tablet_text_alignment=\u00bbdefault\u00bb phone_text_alignment=\u00bbdefault\u00bb overlay_strength=\u00bb0.3&#8243; column_border_width=\u00bbnone\u00bb column_border_style=\u00bbsolid\u00bb bg_image_animation=\u00bbnone\u00bb][fancy_box box_style=\u00bbparallax_hover\u00bb icon_family=\u00bbiconsmind\u00bb image_url=\u00bb6882&#8243; border_radius=\u00bbdefault\u00bb image_loading=\u00bbdefault\u00bb color_scheme=\u00bbdark\u00bb secondary_content=\u00bb\u00bb icon_iconsmind=\u00bbiconsmind-Monitor-Analytics\u00bb min_height=\u00bb600&#8243; link_url=\u00bbhttps:\/\/www.threesefficiency.com\/es\/servicios\/digitalizar\/\u00bb]\n<h2>2. DIGITALIZAR<\/h2>\n<h5>Digitalizaci\u00f3n con Submeter<\/h5>\n[\/fancy_box][\/vc_column][vc_column column_padding=\u00bbno-extra-padding\u00bb column_padding_position=\u00bball\u00bb background_color_opacity=\u00bb1&#8243; background_hover_color_opacity=\u00bb1&#8243; column_link_target=\u00bb_self\u00bb column_shadow=\u00bbnone\u00bb column_border_radius=\u00bbnone\u00bb width=\u00bb1\/4&#8243; tablet_width_inherit=\u00bbdefault\u00bb tablet_text_alignment=\u00bbdefault\u00bb phone_text_alignment=\u00bbdefault\u00bb overlay_strength=\u00bb0.3&#8243; column_border_width=\u00bbnone\u00bb column_border_style=\u00bbsolid\u00bb bg_image_animation=\u00bbnone\u00bb][fancy_box box_style=\u00bbparallax_hover\u00bb icon_family=\u00bbiconsmind\u00bb image_url=\u00bb6880&#8243; border_radius=\u00bbdefault\u00bb image_loading=\u00bbdefault\u00bb color_scheme=\u00bbdark\u00bb secondary_content=\u00bbhere&#8217;s some awesome text that would only be shown on hover\u00bb link_url=\u00bbhttps:\/\/www.threesefficiency.com\/es\/servicios\/descarbonizar\/\u00bb icon_iconsmind=\u00bbiconsmind-Solar\u00bb min_height=\u00bb600&#8243;]\n<h2>3. DESCARBONIZAR<\/h2>\n<h5>Mejora continua para la descarbonizaci\u00f3n<\/h5>\n[\/fancy_box][\/vc_column][vc_column column_padding=\u00bbno-extra-padding\u00bb column_padding_position=\u00bball\u00bb background_color_opacity=\u00bb1&#8243; background_hover_color_opacity=\u00bb1&#8243; column_link_target=\u00bb_self\u00bb column_shadow=\u00bbnone\u00bb column_border_radius=\u00bbnone\u00bb width=\u00bb1\/4&#8243; tablet_width_inherit=\u00bbdefault\u00bb tablet_text_alignment=\u00bbdefault\u00bb phone_text_alignment=\u00bbdefault\u00bb overlay_strength=\u00bb0.3&#8243; column_border_width=\u00bbnone\u00bb column_border_style=\u00bbsolid\u00bb bg_image_animation=\u00bbnone\u00bb][fancy_box box_style=\u00bbparallax_hover\u00bb icon_family=\u00bbiconsmind\u00bb image_url=\u00bb6169&#8243; border_radius=\u00bbdefault\u00bb image_loading=\u00bbdefault\u00bb color_scheme=\u00bbdark\u00bb secondary_content=\u00bbhere&#8217;s some awesome text that would only be shown on hover\u00bb link_url=\u00bbhttps:\/\/www.threesefficiency.com\/es\/servicios\/certificar\/\u00bb icon_iconsmind=\u00bbiconsmind-Notepad\u00bb min_height=\u00bb600&#8243;]\n<h2>4. CERTIFICAR<\/h2>\n<h5>Certificados Ambientales<\/h5>\n[\/fancy_box][\/vc_column][\/vc_row][vc_row type=\u00bbin_container\u00bb full_screen_row_position=\u00bbmiddle\u00bb column_margin=\u00bbdefault\u00bb scene_position=\u00bbcenter\u00bb text_color=\u00bbdark\u00bb text_align=\u00bbleft\u00bb overlay_strength=\u00bb0.3&#8243; shape_divider_position=\u00bbbottom\u00bb bg_image_animation=\u00bbnone\u00bb][vc_column column_padding=\u00bbno-extra-padding\u00bb column_padding_position=\u00bball\u00bb background_color_opacity=\u00bb1&#8243; background_hover_color_opacity=\u00bb1&#8243; column_link_target=\u00bb_self\u00bb column_shadow=\u00bbnone\u00bb column_border_radius=\u00bbnone\u00bb width=\u00bb1\/1&#8243; tablet_width_inherit=\u00bbdefault\u00bb tablet_text_alignment=\u00bbdefault\u00bb phone_text_alignment=\u00bbdefault\u00bb overlay_strength=\u00bb0.3&#8243; column_border_width=\u00bbnone\u00bb column_border_style=\u00bbsolid\u00bb bg_image_animation=\u00bbnone\u00bb][divider line_type=\u00bbNo Line\u00bb custom_height=\u00bb100&#8243;][vc_column_text]\n<h1 style=\"text-align: center;\">COMIENZA EL CAMINO A LA SOSTENIBILIDAD<\/h1>\n[\/vc_column_text][divider line_type=\u00bbNo Line\u00bb custom_height=\u00bb100&#8243;][\/vc_column][\/vc_row]\n","protected":false},"excerpt":{"rendered":"<p>[vc_row type=\u00bbfull_width_content\u00bb full_screen_row_position=\u00bbmiddle\u00bb column_margin=\u00bbdefault\u00bb scene_position=\u00bbcenter\u00bb text_color=\u00bbdark\u00bb text_align=\u00bbleft\u00bb top_padding=\u00bb0&#8243; overlay_strength=\u00bb0.3&#8243; shape_divider_position=\u00bbbottom\u00bb bg_image_animation=\u00bbnone\u00bb shape_type=\u00bb\u00bb][vc_column column_padding=\u00bbno-extra-padding\u00bb column_padding_position=\u00bball\u00bb background_color_opacity=\u00bb1&#8243; background_hover_color_opacity=\u00bb1&#8243; column_link_target=\u00bb_self\u00bb column_shadow=\u00bbnone\u00bb column_border_radius=\u00bbnone\u00bb width=\u00bb1\/4&#8243; tablet_width_inherit=\u00bbdefault\u00bb tablet_text_alignment=\u00bbdefault\u00bb phone_text_alignment=\u00bbdefault\u00bb overlay_strength=\u00bb0.3&#8243; column_border_width=\u00bbnone\u00bb column_border_style=\u00bbsolid\u00bb bg_image_animation=\u00bbnone\u00bb][fancy_box box_style=\u00bbparallax_hover\u00bb icon_family=\u00bbiconsmind\u00bb image_url=\u00bb6881&#8243;&#8230;<\/p>\n","protected":false},"author":1,"featured_media":0,"parent":0,"menu_order":0,"comment_status":"closed","ping_status":"closed","template":"","meta":{"footnotes":""},"yoast_head":"<!-- This site is optimized with the Yoast SEO plugin v24.5 - https:\/\/yoast.com\/wordpress\/plugins\/seo\/ -->\n<title>Servicios - Soluciones Innovadoras en Energ\u00eda y Agua<\/title>\n<meta name=\"description\" content=\"Descubre nuestros servicios. Desde soluciones energ\u00e9ticas hasta digitalizaci\u00f3n, adaptamos estrategias innovadoras para tu negocio.\" \/>\n<meta name=\"robots\" content=\"index, follow, max-snippet:-1, max-image-preview:large, max-video-preview:-1\" \/>\n<link rel=\"canonical\" href=\"https:\/\/www.threesefficiency.com\/es\/servicios\/\" \/>\n<meta property=\"og:locale\" content=\"es_ES\" \/>\n<meta property=\"og:type\" content=\"article\" \/>\n<meta property=\"og:title\" content=\"Servicios - Soluciones Innovadoras en Energ\u00eda y Agua\" \/>\n<meta property=\"og:description\" content=\"Descubre nuestros servicios. Desde soluciones energ\u00e9ticas hasta digitalizaci\u00f3n, adaptamos estrategias innovadoras para tu negocio.\" \/>\n<meta property=\"og:url\" content=\"https:\/\/www.threesefficiency.com\/es\/servicios\/\" \/>\n<meta property=\"og:site_name\" content=\"Threes Efficiency\" \/>\n<meta property=\"article:modified_time\" content=\"2024-04-29T12:44:51+00:00\" \/>\n<meta property=\"og:image\" content=\"https:\/\/www.threesefficiency.com\/wp-content\/uploads\/2024\/03\/threeslogo.png\" \/>\n\t<meta property=\"og:image:width\" content=\"500\" \/>\n\t<meta property=\"og:image:height\" content=\"500\" \/>\n\t<meta property=\"og:image:type\" content=\"image\/png\" \/>\n<meta name=\"twitter:card\" content=\"summary_large_image\" \/>\n<meta name=\"twitter:label1\" content=\"Tiempo de lectura\" \/>\n\t<meta name=\"twitter:data1\" content=\"1 minuto\" \/>\n<script type=\"application\/ld+json\" class=\"yoast-schema-graph\">{\"@context\":\"https:\/\/schema.org\",\"@graph\":[{\"@type\":\"WebPage\",\"@id\":\"https:\/\/www.threesefficiency.com\/es\/servicios\/\",\"url\":\"https:\/\/www.threesefficiency.com\/es\/servicios\/\",\"name\":\"Servicios - Soluciones Innovadoras en Energ\u00eda y Agua\",\"isPartOf\":{\"@id\":\"https:\/\/www.threesefficiency.com\/en\/#website\"},\"datePublished\":\"2017-02-07T15:05:43+00:00\",\"dateModified\":\"2024-04-29T12:44:51+00:00\",\"description\":\"Descubre nuestros servicios. Desde soluciones energ\u00e9ticas hasta digitalizaci\u00f3n, adaptamos estrategias innovadoras para tu negocio.\",\"breadcrumb\":{\"@id\":\"https:\/\/www.threesefficiency.com\/es\/servicios\/#breadcrumb\"},\"inLanguage\":\"es\",\"potentialAction\":[{\"@type\":\"ReadAction\",\"target\":[\"https:\/\/www.threesefficiency.com\/es\/servicios\/\"]}]},{\"@type\":\"BreadcrumbList\",\"@id\":\"https:\/\/www.threesefficiency.com\/es\/servicios\/#breadcrumb\",\"itemListElement\":[{\"@type\":\"ListItem\",\"position\":1,\"name\":\"Portada\",\"item\":\"https:\/\/www.threesefficiency.com\/es\/\"},{\"@type\":\"ListItem\",\"position\":2,\"name\":\"Servicios\"}]},{\"@type\":\"WebSite\",\"@id\":\"https:\/\/www.threesefficiency.com\/en\/#website\",\"url\":\"https:\/\/www.threesefficiency.com\/en\/\",\"name\":\"Threes Efficiency\",\"description\":\"Smart Energy and Water Solutions\",\"publisher\":{\"@id\":\"https:\/\/www.threesefficiency.com\/en\/#organization\"},\"alternateName\":\"Threes\",\"potentialAction\":[{\"@type\":\"SearchAction\",\"target\":{\"@type\":\"EntryPoint\",\"urlTemplate\":\"https:\/\/www.threesefficiency.com\/en\/?s={search_term_string}\"},\"query-input\":{\"@type\":\"PropertyValueSpecification\",\"valueRequired\":true,\"valueName\":\"search_term_string\"}}],\"inLanguage\":\"es\"},{\"@type\":\"Organization\",\"@id\":\"https:\/\/www.threesefficiency.com\/en\/#organization\",\"name\":\"Threes Efficiency\",\"alternateName\":\"Threes\",\"url\":\"https:\/\/www.threesefficiency.com\/en\/\",\"logo\":{\"@type\":\"ImageObject\",\"inLanguage\":\"es\",\"@id\":\"https:\/\/www.threesefficiency.com\/en\/#\/schema\/logo\/image\/\",\"url\":\"https:\/\/www.threesefficiency.com\/wp-content\/uploads\/2024\/03\/threes-1.png\",\"contentUrl\":\"https:\/\/www.threesefficiency.com\/wp-content\/uploads\/2024\/03\/threes-1.png\",\"width\":500,\"height\":500,\"caption\":\"Threes Efficiency\"},\"image\":{\"@id\":\"https:\/\/www.threesefficiency.com\/en\/#\/schema\/logo\/image\/\"},\"sameAs\":[\"https:\/\/www.linkedin.com\/company\/threes-efficiency\",\"https:\/\/www.instagram.com\/threes.efficiency\/\"]}]}<\/script>\n<!-- \/ Yoast SEO plugin. -->","yoast_head_json":{"title":"Servicios - Soluciones Innovadoras en Energ\u00eda y Agua","description":"Descubre nuestros servicios. Desde soluciones energ\u00e9ticas hasta digitalizaci\u00f3n, adaptamos estrategias innovadoras para tu negocio.","robots":{"index":"index","follow":"follow","max-snippet":"max-snippet:-1","max-image-preview":"max-image-preview:large","max-video-preview":"max-video-preview:-1"},"canonical":"https:\/\/www.threesefficiency.com\/es\/servicios\/","og_locale":"es_ES","og_type":"article","og_title":"Servicios - Soluciones Innovadoras en Energ\u00eda y Agua","og_description":"Descubre nuestros servicios. Desde soluciones energ\u00e9ticas hasta digitalizaci\u00f3n, adaptamos estrategias innovadoras para tu negocio.","og_url":"https:\/\/www.threesefficiency.com\/es\/servicios\/","og_site_name":"Threes Efficiency","article_modified_time":"2024-04-29T12:44:51+00:00","og_image":[{"width":500,"height":500,"url":"https:\/\/www.threesefficiency.com\/wp-content\/uploads\/2024\/03\/threeslogo.png","type":"image\/png"}],"twitter_card":"summary_large_image","twitter_misc":{"Tiempo de lectura":"1 minuto"},"schema":{"@context":"https:\/\/schema.org","@graph":[{"@type":"WebPage","@id":"https:\/\/www.threesefficiency.com\/es\/servicios\/","url":"https:\/\/www.threesefficiency.com\/es\/servicios\/","name":"Servicios - Soluciones Innovadoras en Energ\u00eda y Agua","isPartOf":{"@id":"https:\/\/www.threesefficiency.com\/en\/#website"},"datePublished":"2017-02-07T15:05:43+00:00","dateModified":"2024-04-29T12:44:51+00:00","description":"Descubre nuestros servicios. Desde soluciones energ\u00e9ticas hasta digitalizaci\u00f3n, adaptamos estrategias innovadoras para tu negocio.","breadcrumb":{"@id":"https:\/\/www.threesefficiency.com\/es\/servicios\/#breadcrumb"},"inLanguage":"es","potentialAction":[{"@type":"ReadAction","target":["https:\/\/www.threesefficiency.com\/es\/servicios\/"]}]},{"@type":"BreadcrumbList","@id":"https:\/\/www.threesefficiency.com\/es\/servicios\/#breadcrumb","itemListElement":[{"@type":"ListItem","position":1,"name":"Portada","item":"https:\/\/www.threesefficiency.com\/es\/"},{"@type":"ListItem","position":2,"name":"Servicios"}]},{"@type":"WebSite","@id":"https:\/\/www.threesefficiency.com\/en\/#website","url":"https:\/\/www.threesefficiency.com\/en\/","name":"Threes Efficiency","description":"Smart Energy and Water Solutions","publisher":{"@id":"https:\/\/www.threesefficiency.com\/en\/#organization"},"alternateName":"Threes","potentialAction":[{"@type":"SearchAction","target":{"@type":"EntryPoint","urlTemplate":"https:\/\/www.threesefficiency.com\/en\/?s={search_term_string}"},"query-input":{"@type":"PropertyValueSpecification","valueRequired":true,"valueName":"search_term_string"}}],"inLanguage":"es"},{"@type":"Organization","@id":"https:\/\/www.threesefficiency.com\/en\/#organization","name":"Threes Efficiency","alternateName":"Threes","url":"https:\/\/www.threesefficiency.com\/en\/","logo":{"@type":"ImageObject","inLanguage":"es","@id":"https:\/\/www.threesefficiency.com\/en\/#\/schema\/logo\/image\/","url":"https:\/\/www.threesefficiency.com\/wp-content\/uploads\/2024\/03\/threes-1.png","contentUrl":"https:\/\/www.threesefficiency.com\/wp-content\/uploads\/2024\/03\/threes-1.png","width":500,"height":500,"caption":"Threes Efficiency"},"image":{"@id":"https:\/\/www.threesefficiency.com\/en\/#\/schema\/logo\/image\/"},"sameAs":["https:\/\/www.linkedin.com\/company\/threes-efficiency","https:\/\/www.instagram.com\/threes.efficiency\/"]}]}},"_links":{"self":[{"href":"https:\/\/www.threesefficiency.com\/es\/wp-json\/wp\/v2\/pages\/6218"}],"collection":[{"href":"https:\/\/www.threesefficiency.com\/es\/wp-json\/wp\/v2\/pages"}],"about":[{"href":"https:\/\/www.threesefficiency.com\/es\/wp-json\/wp\/v2\/types\/page"}],"author":[{"embeddable":true,"href":"https:\/\/www.threesefficiency.com\/es\/wp-json\/wp\/v2\/users\/1"}],"replies":[{"embeddable":true,"href":"https:\/\/www.threesefficiency.com\/es\/wp-json\/wp\/v2\/comments?post=6218"}],"version-history":[{"count":41,"href":"https:\/\/www.threesefficiency.com\/es\/wp-json\/wp\/v2\/pages\/6218\/revisions"}],"predecessor-version":[{"id":11150,"href":"https:\/\/www.threesefficiency.com\/es\/wp-json\/wp\/v2\/pages\/6218\/revisions\/11150"}],"wp:attachment":[{"href":"https:\/\/www.threesefficiency.com\/es\/wp-json\/wp\/v2\/media?parent=6218"}],"curies":[{"name":"wp","href":"https:\/\/api.w.org\/{rel}","templated":true}]}}