{"id":10741,"date":"2024-04-15T07:32:12","date_gmt":"2024-04-15T05:32:12","guid":{"rendered":"https:\/\/www.threesefficiency.com\/?page_id=10741"},"modified":"2024-04-29T14:50:54","modified_gmt":"2024-04-29T12:50:54","slug":"arabia-saudi","status":"publish","type":"page","link":"https:\/\/www.threesefficiency.com\/es\/arabia-saudi\/","title":{"rendered":"Arabia Saud\u00ed"},"content":{"rendered":"[vc_row type=\u00bbin_container\u00bb full_screen_row_position=\u00bbmiddle\u00bb column_margin=\u00bbdefault\u00bb scene_position=\u00bbcenter\u00bb text_color=\u00bbdark\u00bb text_align=\u00bbleft\u00bb overlay_strength=\u00bb0.3&#8243; shape_divider_position=\u00bbbottom\u00bb bg_image_animation=\u00bbnone\u00bb][vc_column column_padding=\u00bbno-extra-padding\u00bb column_padding_position=\u00bball\u00bb background_color_opacity=\u00bb1&#8243; background_hover_color_opacity=\u00bb1&#8243; column_link_target=\u00bb_self\u00bb column_shadow=\u00bbnone\u00bb column_border_radius=\u00bbnone\u00bb width=\u00bb1\/1&#8243; tablet_width_inherit=\u00bbdefault\u00bb tablet_text_alignment=\u00bbdefault\u00bb phone_text_alignment=\u00bbdefault\u00bb overlay_strength=\u00bb0.3&#8243; column_border_width=\u00bbnone\u00bb column_border_style=\u00bbsolid\u00bb bg_image_animation=\u00bbnone\u00bb]<style type=\"text\/css\">#nectar-slider-instance-1, #nectar-slider-instance-1 .swiper-container { min-height: 250px; } <\/style><div data-midnight=\"nectar-slider\" class=\"parallax_slider_outer \"><div  data-transition=\"slide\" data-overall_style=\"classic\" data-flexible-height=\"true\" data-animate-in-effect=\"none\" data-fullscreen=\"true\" data-button-sizing=\"regular\" data-button-styling=\"btn_with_count\" data-autorotate=\"\" data-parallax=\"true\" data-parallax-disable-mobile=\"\" data-caption-trans=\"fade_in_from_bottom\" data-parallax-style=\"bg_only\" data-bg-animation=\"none\" data-full-width=\"true\" class=\"nectar-slider-wrap \" id=\"nectar-slider-instance-1\"><div class=\"swiper-container\"  data-tho=\"auto\" data-tco=\"auto\" data-pho=\"auto\" data-pco=\"auto\" data-loop=\"false\" data-height=\"650\" data-min-height=\"250\" data-arrows=\"false\" data-bullets=\"false\" data-bullet_style=\"see_through\" data-bullet_position=\"bottom\" data-desktop-swipe=\"false\" data-settings=\"\"> <div class=\"swiper-wrapper\"><div class=\"swiper-slide\" data-desktop-content-width=\"auto\" data-tablet-content-width=\"auto\" data-bg-alignment=\"center\" data-color-scheme=\"light\" data-x-pos=\"centered\" data-y-pos=\"middle\" ><div class=\"slide-bg-wrap\"><div class=\"image-bg\" style=\"background-image: url(https:\/\/www.threesefficiency.com\/wp-content\/uploads\/2024\/04\/Riyadh-Horizonte-Panorama.jpg);\"> &nbsp; <\/div><\/div><div class=\"container\">\r\n\t\t\t\t\t\t<div class=\"content\"><h2>ARABIA SAUD\u00cd<\/h2><\/div>\r\n\t\t\t\t\t\t\t\t<\/div><!--\/container--><a href=\"#\" class=\"slider-down-arrow\"><i class=\"icon-salient-down-arrow icon-default-style\"> <span class=\"ie-fix\"><\/span> <\/i><\/a><div class=\"video-texture active_texture\"> <span class=\"ie-fix\"><\/span> <\/div><\/div> <!--\/swiper-slide--><\/div><div class=\"nectar-slider-loading \"> <span class=\"loading-icon none\">   <\/span> <\/div> <\/div> \r\n\t\t\t\t\t\r\n\t\t\t\t\t<\/div><\/div>[\/vc_column][\/vc_row][vc_row type=\u00bbfull_width_background\u00bb full_screen_row_position=\u00bbmiddle\u00bb column_margin=\u00bbdefault\u00bb bg_color=\u00bb#ffffff\u00bb scene_position=\u00bbcenter\u00bb text_color=\u00bbdark\u00bb text_align=\u00bbleft\u00bb top_padding=\u00bb5%\u00bb overlay_strength=\u00bb0.3&#8243; shape_divider_position=\u00bbbottom\u00bb bg_image_animation=\u00bbnone\u00bb shape_type=\u00bb\u00bb][vc_column column_padding=\u00bbno-extra-padding\u00bb column_padding_position=\u00bball\u00bb background_color_opacity=\u00bb1&#8243; background_hover_color_opacity=\u00bb1&#8243; column_link_target=\u00bb_self\u00bb column_shadow=\u00bbnone\u00bb column_border_radius=\u00bbnone\u00bb width=\u00bb1\/1&#8243; tablet_width_inherit=\u00bbdefault\u00bb tablet_text_alignment=\u00bbdefault\u00bb phone_text_alignment=\u00bbdefault\u00bb overlay_strength=\u00bb0.3&#8243; column_border_width=\u00bbnone\u00bb column_border_style=\u00bbsolid\u00bb bg_image_animation=\u00bbnone\u00bb][vc_row_inner column_margin=\u00bbdefault\u00bb text_align=\u00bbleft\u00bb][vc_column_inner column_padding=\u00bbno-extra-padding\u00bb column_padding_position=\u00bball\u00bb background_color_opacity=\u00bb1&#8243; background_hover_color_opacity=\u00bb1&#8243; column_shadow=\u00bbnone\u00bb column_border_radius=\u00bbnone\u00bb column_link_target=\u00bb_self\u00bb width=\u00bb1\/1&#8243; tablet_width_inherit=\u00bbdefault\u00bb overlay_strength=\u00bb0.3&#8243; column_border_width=\u00bbnone\u00bb column_border_style=\u00bbsolid\u00bb bg_image_animation=\u00bbnone\u00bb][vc_column_text css=\u00bb.vc_custom_1713189759034{margin-bottom: 20px !important;}\u00bb]\n<h2 style=\"text-align: center;\">En nuestra b\u00fasqueda de expansi\u00f3n internacional, identificamos estrat\u00e9gicamente a Arabia Saudita como un destino clave para implementar nuestras soluciones. El pa\u00eds est\u00e1 liderando varias estrategias nacionales que se alinean perfectamente con nuestros esfuerzos, incluyendo:<\/h2>\n[\/vc_column_text][\/vc_column_inner][\/vc_row_inner][\/vc_column][\/vc_row][vc_row type=\u00bbfull_width_content\u00bb full_screen_row_position=\u00bbmiddle\u00bb column_margin=\u00bbdefault\u00bb bg_color=\u00bb#ffffff\u00bb scene_position=\u00bbcenter\u00bb text_color=\u00bbdark\u00bb text_align=\u00bbleft\u00bb top_padding=\u00bb5%\u00bb overlay_strength=\u00bb0.3&#8243; shape_divider_position=\u00bbbottom\u00bb bg_image_animation=\u00bbnone\u00bb shape_type=\u00bb\u00bb][vc_column column_padding=\u00bbno-extra-padding\u00bb column_padding_position=\u00bball\u00bb background_color_opacity=\u00bb1&#8243; background_hover_color_opacity=\u00bb1&#8243; column_link_target=\u00bb_self\u00bb column_shadow=\u00bbnone\u00bb column_border_radius=\u00bbnone\u00bb width=\u00bb1\/1&#8243; tablet_width_inherit=\u00bbdefault\u00bb tablet_text_alignment=\u00bbdefault\u00bb phone_text_alignment=\u00bbdefault\u00bb overlay_strength=\u00bb0.3&#8243; column_border_width=\u00bbnone\u00bb column_border_style=\u00bbsolid\u00bb bg_image_animation=\u00bbnone\u00bb][vc_row_inner column_margin=\u00bbdefault\u00bb text_align=\u00bbleft\u00bb][vc_column_inner column_padding=\u00bbno-extra-padding\u00bb column_padding_position=\u00bball\u00bb background_color_opacity=\u00bb1&#8243; background_hover_color_opacity=\u00bb1&#8243; column_shadow=\u00bbnone\u00bb column_border_radius=\u00bbnone\u00bb column_link_target=\u00bb_self\u00bb width=\u00bb1\/4&#8243; tablet_width_inherit=\u00bbdefault\u00bb overlay_strength=\u00bb0.3&#8243; column_border_width=\u00bbnone\u00bb column_border_style=\u00bbsolid\u00bb bg_image_animation=\u00bbnone\u00bb][fancy_box box_style=\u00bbparallax_hover\u00bb icon_family=\u00bbnone\u00bb image_url=\u00bb10754&#8243; border_radius=\u00bbdefault\u00bb image_loading=\u00bbdefault\u00bb color_scheme=\u00bbdark\u00bb secondary_content=\u00bbhere&#8217;s some awesome text that would only be shown on hover\u00bb min_height=\u00bb600&#8243;]\n<h2 style=\"text-align: center;\">Reducir el CO2 en 278 millones de toneladas por a\u00f1o para el a\u00f1o 2030<\/h2>\n[\/fancy_box][\/vc_column_inner][vc_column_inner column_padding=\u00bbno-extra-padding\u00bb column_padding_position=\u00bball\u00bb background_color_opacity=\u00bb1&#8243; background_hover_color_opacity=\u00bb1&#8243; column_shadow=\u00bbnone\u00bb column_border_radius=\u00bbnone\u00bb column_link_target=\u00bb_self\u00bb width=\u00bb1\/4&#8243; tablet_width_inherit=\u00bbdefault\u00bb overlay_strength=\u00bb0.3&#8243; column_border_width=\u00bbnone\u00bb column_border_style=\u00bbsolid\u00bb bg_image_animation=\u00bbnone\u00bb][fancy_box box_style=\u00bbparallax_hover\u00bb icon_family=\u00bbnone\u00bb image_url=\u00bb10747&#8243; border_radius=\u00bbdefault\u00bb image_loading=\u00bbdefault\u00bb color_scheme=\u00bbdark\u00bb secondary_content=\u00bb\u00bb min_height=\u00bb600&#8243;]\n<h2 style=\"text-align: center;\">Reducir el consumo de agua alrededor de un 43% para 2030<\/h2>\n[\/fancy_box][\/vc_column_inner][vc_column_inner column_padding=\u00bbno-extra-padding\u00bb column_padding_position=\u00bball\u00bb background_color_opacity=\u00bb1&#8243; background_hover_color_opacity=\u00bb1&#8243; column_shadow=\u00bbnone\u00bb column_border_radius=\u00bbnone\u00bb column_link_target=\u00bb_self\u00bb width=\u00bb1\/4&#8243; tablet_width_inherit=\u00bbdefault\u00bb overlay_strength=\u00bb0.3&#8243; column_border_width=\u00bbnone\u00bb column_border_style=\u00bbsolid\u00bb bg_image_animation=\u00bbnone\u00bb][fancy_box box_style=\u00bbparallax_hover\u00bb icon_family=\u00bbnone\u00bb image_url=\u00bb10749&#8243; border_radius=\u00bbdefault\u00bb image_loading=\u00bbdefault\u00bb color_scheme=\u00bbdark\u00bb secondary_content=\u00bbhere&#8217;s some awesome text that would only be shown on hover\u00bb min_height=\u00bb600&#8243;]\n<h2 style=\"text-align: center;\">Lograr una combinaci\u00f3n de gas y energ\u00eda renovable al 50% para la producci\u00f3n el\u00e9ctrica en 2030<\/h2>\n[\/fancy_box][\/vc_column_inner][vc_column_inner column_padding=\u00bbno-extra-padding\u00bb column_padding_position=\u00bball\u00bb background_color_opacity=\u00bb1&#8243; background_hover_color_opacity=\u00bb1&#8243; column_shadow=\u00bbnone\u00bb column_border_radius=\u00bbnone\u00bb column_link_target=\u00bb_self\u00bb width=\u00bb1\/4&#8243; tablet_width_inherit=\u00bbdefault\u00bb overlay_strength=\u00bb0.3&#8243; column_border_width=\u00bbnone\u00bb column_border_style=\u00bbsolid\u00bb bg_image_animation=\u00bbnone\u00bb][fancy_box box_style=\u00bbparallax_hover\u00bb icon_family=\u00bbnone\u00bb image_url=\u00bb10751&#8243; border_radius=\u00bbdefault\u00bb image_loading=\u00bbdefault\u00bb color_scheme=\u00bbdark\u00bb secondary_content=\u00bbhere&#8217;s some awesome text that would only be shown on hover\u00bb min_height=\u00bb600&#8243;]\n<h2 style=\"text-align: center;\">Promover la eficiencia energ\u00e9tica en todos los sectores<\/h2>\n[\/fancy_box][\/vc_column_inner][\/vc_row_inner][\/vc_column][\/vc_row]\n","protected":false},"excerpt":{"rendered":"<p>[vc_row type=\u00bbin_container\u00bb full_screen_row_position=\u00bbmiddle\u00bb column_margin=\u00bbdefault\u00bb scene_position=\u00bbcenter\u00bb text_color=\u00bbdark\u00bb text_align=\u00bbleft\u00bb overlay_strength=\u00bb0.3&#8243; shape_divider_position=\u00bbbottom\u00bb bg_image_animation=\u00bbnone\u00bb][vc_column column_padding=\u00bbno-extra-padding\u00bb column_padding_position=\u00bball\u00bb background_color_opacity=\u00bb1&#8243; background_hover_color_opacity=\u00bb1&#8243; column_link_target=\u00bb_self\u00bb column_shadow=\u00bbnone\u00bb column_border_radius=\u00bbnone\u00bb width=\u00bb1\/1&#8243; tablet_width_inherit=\u00bbdefault\u00bb tablet_text_alignment=\u00bbdefault\u00bb phone_text_alignment=\u00bbdefault\u00bb overlay_strength=\u00bb0.3&#8243; column_border_width=\u00bbnone\u00bb column_border_style=\u00bbsolid\u00bb bg_image_animation=\u00bbnone\u00bb][\/vc_column][\/vc_row][vc_row type=\u00bbfull_width_background\u00bb full_screen_row_position=\u00bbmiddle\u00bb column_margin=\u00bbdefault\u00bb bg_color=\u00bb#ffffff\u00bb scene_position=\u00bbcenter\u00bb&#8230;<\/p>\n","protected":false},"author":6,"featured_media":0,"parent":0,"menu_order":0,"comment_status":"closed","ping_status":"closed","template":"","meta":{"footnotes":""},"yoast_head":"<!-- This site is optimized with the Yoast SEO plugin v24.5 - https:\/\/yoast.com\/wordpress\/plugins\/seo\/ -->\n<title>Arabia Saud\u00ed - Soluciones Innovadoras en Energ\u00eda y Agua<\/title>\n<meta name=\"description\" content=\"Descubre c\u00f3mo nuestras soluciones est\u00e1n transformando Arabia Saudita. Impulsamos la eficiencia y sostenibilidad en este mercado estrat\u00e9gico.\" \/>\n<meta name=\"robots\" content=\"index, follow, max-snippet:-1, max-image-preview:large, max-video-preview:-1\" \/>\n<link rel=\"canonical\" href=\"https:\/\/www.threesefficiency.com\/es\/arabia-saudi\/\" \/>\n<meta property=\"og:locale\" content=\"es_ES\" \/>\n<meta property=\"og:type\" content=\"article\" \/>\n<meta property=\"og:title\" content=\"Arabia Saud\u00ed - Soluciones Innovadoras en Energ\u00eda y Agua\" \/>\n<meta property=\"og:description\" content=\"Descubre c\u00f3mo nuestras soluciones est\u00e1n transformando Arabia Saudita. Impulsamos la eficiencia y sostenibilidad en este mercado estrat\u00e9gico.\" \/>\n<meta property=\"og:url\" content=\"https:\/\/www.threesefficiency.com\/es\/arabia-saudi\/\" \/>\n<meta property=\"og:site_name\" content=\"Threes Efficiency\" \/>\n<meta property=\"article:modified_time\" content=\"2024-04-29T12:50:54+00:00\" \/>\n<meta property=\"og:image\" content=\"https:\/\/www.threesefficiency.com\/wp-content\/uploads\/2024\/03\/threeslogo.png\" \/>\n\t<meta property=\"og:image:width\" content=\"500\" \/>\n\t<meta property=\"og:image:height\" content=\"500\" \/>\n\t<meta property=\"og:image:type\" content=\"image\/png\" \/>\n<meta name=\"twitter:card\" content=\"summary_large_image\" \/>\n<meta name=\"twitter:label1\" content=\"Tiempo de lectura\" \/>\n\t<meta name=\"twitter:data1\" content=\"2 minutos\" \/>\n<script type=\"application\/ld+json\" class=\"yoast-schema-graph\">{\"@context\":\"https:\/\/schema.org\",\"@graph\":[{\"@type\":\"WebPage\",\"@id\":\"https:\/\/www.threesefficiency.com\/es\/arabia-saudi\/\",\"url\":\"https:\/\/www.threesefficiency.com\/es\/arabia-saudi\/\",\"name\":\"Arabia Saud\u00ed - Soluciones Innovadoras en Energ\u00eda y Agua\",\"isPartOf\":{\"@id\":\"https:\/\/www.threesefficiency.com\/en\/#website\"},\"datePublished\":\"2024-04-15T05:32:12+00:00\",\"dateModified\":\"2024-04-29T12:50:54+00:00\",\"description\":\"Descubre c\u00f3mo nuestras soluciones est\u00e1n transformando Arabia Saudita. Impulsamos la eficiencia y sostenibilidad en este mercado estrat\u00e9gico.\",\"breadcrumb\":{\"@id\":\"https:\/\/www.threesefficiency.com\/es\/arabia-saudi\/#breadcrumb\"},\"inLanguage\":\"es\",\"potentialAction\":[{\"@type\":\"ReadAction\",\"target\":[\"https:\/\/www.threesefficiency.com\/es\/arabia-saudi\/\"]}]},{\"@type\":\"BreadcrumbList\",\"@id\":\"https:\/\/www.threesefficiency.com\/es\/arabia-saudi\/#breadcrumb\",\"itemListElement\":[{\"@type\":\"ListItem\",\"position\":1,\"name\":\"Portada\",\"item\":\"https:\/\/www.threesefficiency.com\/es\/\"},{\"@type\":\"ListItem\",\"position\":2,\"name\":\"Arabia Saud\u00ed\"}]},{\"@type\":\"WebSite\",\"@id\":\"https:\/\/www.threesefficiency.com\/en\/#website\",\"url\":\"https:\/\/www.threesefficiency.com\/en\/\",\"name\":\"Threes Efficiency\",\"description\":\"Smart Energy and Water Solutions\",\"publisher\":{\"@id\":\"https:\/\/www.threesefficiency.com\/en\/#organization\"},\"alternateName\":\"Threes\",\"potentialAction\":[{\"@type\":\"SearchAction\",\"target\":{\"@type\":\"EntryPoint\",\"urlTemplate\":\"https:\/\/www.threesefficiency.com\/en\/?s={search_term_string}\"},\"query-input\":{\"@type\":\"PropertyValueSpecification\",\"valueRequired\":true,\"valueName\":\"search_term_string\"}}],\"inLanguage\":\"es\"},{\"@type\":\"Organization\",\"@id\":\"https:\/\/www.threesefficiency.com\/en\/#organization\",\"name\":\"Threes Efficiency\",\"alternateName\":\"Threes\",\"url\":\"https:\/\/www.threesefficiency.com\/en\/\",\"logo\":{\"@type\":\"ImageObject\",\"inLanguage\":\"es\",\"@id\":\"https:\/\/www.threesefficiency.com\/en\/#\/schema\/logo\/image\/\",\"url\":\"https:\/\/www.threesefficiency.com\/wp-content\/uploads\/2024\/03\/threes-1.png\",\"contentUrl\":\"https:\/\/www.threesefficiency.com\/wp-content\/uploads\/2024\/03\/threes-1.png\",\"width\":500,\"height\":500,\"caption\":\"Threes Efficiency\"},\"image\":{\"@id\":\"https:\/\/www.threesefficiency.com\/en\/#\/schema\/logo\/image\/\"},\"sameAs\":[\"https:\/\/www.linkedin.com\/company\/threes-efficiency\",\"https:\/\/www.instagram.com\/threes.efficiency\/\"]}]}<\/script>\n<!-- \/ Yoast SEO plugin. -->","yoast_head_json":{"title":"Arabia Saud\u00ed - Soluciones Innovadoras en Energ\u00eda y Agua","description":"Descubre c\u00f3mo nuestras soluciones est\u00e1n transformando Arabia Saudita. Impulsamos la eficiencia y sostenibilidad en este mercado estrat\u00e9gico.","robots":{"index":"index","follow":"follow","max-snippet":"max-snippet:-1","max-image-preview":"max-image-preview:large","max-video-preview":"max-video-preview:-1"},"canonical":"https:\/\/www.threesefficiency.com\/es\/arabia-saudi\/","og_locale":"es_ES","og_type":"article","og_title":"Arabia Saud\u00ed - Soluciones Innovadoras en Energ\u00eda y Agua","og_description":"Descubre c\u00f3mo nuestras soluciones est\u00e1n transformando Arabia Saudita. Impulsamos la eficiencia y sostenibilidad en este mercado estrat\u00e9gico.","og_url":"https:\/\/www.threesefficiency.com\/es\/arabia-saudi\/","og_site_name":"Threes Efficiency","article_modified_time":"2024-04-29T12:50:54+00:00","og_image":[{"width":500,"height":500,"url":"https:\/\/www.threesefficiency.com\/wp-content\/uploads\/2024\/03\/threeslogo.png","type":"image\/png"}],"twitter_card":"summary_large_image","twitter_misc":{"Tiempo de lectura":"2 minutos"},"schema":{"@context":"https:\/\/schema.org","@graph":[{"@type":"WebPage","@id":"https:\/\/www.threesefficiency.com\/es\/arabia-saudi\/","url":"https:\/\/www.threesefficiency.com\/es\/arabia-saudi\/","name":"Arabia Saud\u00ed - Soluciones Innovadoras en Energ\u00eda y Agua","isPartOf":{"@id":"https:\/\/www.threesefficiency.com\/en\/#website"},"datePublished":"2024-04-15T05:32:12+00:00","dateModified":"2024-04-29T12:50:54+00:00","description":"Descubre c\u00f3mo nuestras soluciones est\u00e1n transformando Arabia Saudita. Impulsamos la eficiencia y sostenibilidad en este mercado estrat\u00e9gico.","breadcrumb":{"@id":"https:\/\/www.threesefficiency.com\/es\/arabia-saudi\/#breadcrumb"},"inLanguage":"es","potentialAction":[{"@type":"ReadAction","target":["https:\/\/www.threesefficiency.com\/es\/arabia-saudi\/"]}]},{"@type":"BreadcrumbList","@id":"https:\/\/www.threesefficiency.com\/es\/arabia-saudi\/#breadcrumb","itemListElement":[{"@type":"ListItem","position":1,"name":"Portada","item":"https:\/\/www.threesefficiency.com\/es\/"},{"@type":"ListItem","position":2,"name":"Arabia Saud\u00ed"}]},{"@type":"WebSite","@id":"https:\/\/www.threesefficiency.com\/en\/#website","url":"https:\/\/www.threesefficiency.com\/en\/","name":"Threes Efficiency","description":"Smart Energy and Water Solutions","publisher":{"@id":"https:\/\/www.threesefficiency.com\/en\/#organization"},"alternateName":"Threes","potentialAction":[{"@type":"SearchAction","target":{"@type":"EntryPoint","urlTemplate":"https:\/\/www.threesefficiency.com\/en\/?s={search_term_string}"},"query-input":{"@type":"PropertyValueSpecification","valueRequired":true,"valueName":"search_term_string"}}],"inLanguage":"es"},{"@type":"Organization","@id":"https:\/\/www.threesefficiency.com\/en\/#organization","name":"Threes Efficiency","alternateName":"Threes","url":"https:\/\/www.threesefficiency.com\/en\/","logo":{"@type":"ImageObject","inLanguage":"es","@id":"https:\/\/www.threesefficiency.com\/en\/#\/schema\/logo\/image\/","url":"https:\/\/www.threesefficiency.com\/wp-content\/uploads\/2024\/03\/threes-1.png","contentUrl":"https:\/\/www.threesefficiency.com\/wp-content\/uploads\/2024\/03\/threes-1.png","width":500,"height":500,"caption":"Threes Efficiency"},"image":{"@id":"https:\/\/www.threesefficiency.com\/en\/#\/schema\/logo\/image\/"},"sameAs":["https:\/\/www.linkedin.com\/company\/threes-efficiency","https:\/\/www.instagram.com\/threes.efficiency\/"]}]}},"_links":{"self":[{"href":"https:\/\/www.threesefficiency.com\/es\/wp-json\/wp\/v2\/pages\/10741"}],"collection":[{"href":"https:\/\/www.threesefficiency.com\/es\/wp-json\/wp\/v2\/pages"}],"about":[{"href":"https:\/\/www.threesefficiency.com\/es\/wp-json\/wp\/v2\/types\/page"}],"author":[{"embeddable":true,"href":"https:\/\/www.threesefficiency.com\/es\/wp-json\/wp\/v2\/users\/6"}],"replies":[{"embeddable":true,"href":"https:\/\/www.threesefficiency.com\/es\/wp-json\/wp\/v2\/comments?post=10741"}],"version-history":[{"count":10,"href":"https:\/\/www.threesefficiency.com\/es\/wp-json\/wp\/v2\/pages\/10741\/revisions"}],"predecessor-version":[{"id":11152,"href":"https:\/\/www.threesefficiency.com\/es\/wp-json\/wp\/v2\/pages\/10741\/revisions\/11152"}],"wp:attachment":[{"href":"https:\/\/www.threesefficiency.com\/es\/wp-json\/wp\/v2\/media?parent=10741"}],"curies":[{"name":"wp","href":"https:\/\/api.w.org\/{rel}","templated":true}]}}